{"id":94,"date":"2022-07-05T08:01:00","date_gmt":"2022-07-05T08:01:00","guid":{"rendered":"https:\/\/moteco.de\/?page_id=94"},"modified":"2026-04-16T09:45:26","modified_gmt":"2026-04-16T09:45:26","slug":"vakuum-prufadapter","status":"publish","type":"page","link":"https:\/\/moteco.de\/fr\/portfolio\/vakuum-prufadapter\/","title":{"rendered":"Interface de test \u00e0 vide"},"content":{"rendered":"<div data-elementor-type=\"wp-page\" data-elementor-id=\"94\" class=\"elementor elementor-94\" data-elementor-post-type=\"page\">\n\t\t\t\t\t\t<section class=\"elementor-section elementor-top-section elementor-element elementor-element-f59c1a1 elementor-section-boxed elementor-section-height-default elementor-section-height-default\" data-id=\"f59c1a1\" data-element_type=\"section\" data-e-type=\"section\" data-settings=\"{&quot;background_background&quot;:&quot;classic&quot;}\">\n\t\t\t\t\t\t\t<div class=\"elementor-background-overlay\"><\/div>\n\t\t\t\t\t\t\t<div class=\"elementor-container elementor-column-gap-default\">\n\t\t\t\t\t<div class=\"elementor-column elementor-col-100 elementor-top-column elementor-element elementor-element-3cbe309\" data-id=\"3cbe309\" data-element_type=\"column\" data-e-type=\"column\">\n\t\t\t<div class=\"elementor-widget-wrap elementor-element-populated\">\n\t\t\t\t\t\t<div class=\"elementor-element elementor-element-23d7c7d elementor-widget-mobile__width-inherit elementor-invisible elementor-widget elementor-widget-heading\" data-id=\"23d7c7d\" data-element_type=\"widget\" data-e-type=\"widget\" data-settings=\"{&quot;_animation&quot;:&quot;fadeInUp&quot;}\" data-widget_type=\"heading.default\">\n\t\t\t\t<div class=\"elementor-widget-container\">\n\t\t\t\t\t<h1 class=\"elementor-heading-title elementor-size-default\">Bancs de test sous vide \u2013 Pr\u00e9cision &amp; fiabilit\u00e9<\/h1>\t\t\t\t<\/div>\n\t\t\t\t<\/div>\n\t\t\t\t\t<\/div>\n\t\t<\/div>\n\t\t\t\t\t<\/div>\n\t\t<\/section>\n\t\t\t\t<section class=\"elementor-section elementor-top-section elementor-element elementor-element-a4c75e7 elementor-section-boxed elementor-section-height-default elementor-section-height-default\" data-id=\"a4c75e7\" data-element_type=\"section\" data-e-type=\"section\">\n\t\t\t\t\t\t\t<div class=\"elementor-background-overlay\"><\/div>\n\t\t\t\t\t\t\t<div class=\"elementor-container elementor-column-gap-default\">\n\t\t\t\t\t<div class=\"elementor-column elementor-col-100 elementor-top-column elementor-element elementor-element-64ea05a\" data-id=\"64ea05a\" data-element_type=\"column\" data-e-type=\"column\">\n\t\t\t<div class=\"elementor-widget-wrap elementor-element-populated\">\n\t\t\t\t\t\t<div class=\"elementor-element elementor-element-4bd09f1 elementor-widget elementor-widget-spacer\" data-id=\"4bd09f1\" data-element_type=\"widget\" data-e-type=\"widget\" data-widget_type=\"spacer.default\">\n\t\t\t\t<div class=\"elementor-widget-container\">\n\t\t\t\t\t\t\t<div class=\"elementor-spacer\">\n\t\t\t<div class=\"elementor-spacer-inner\"><\/div>\n\t\t<\/div>\n\t\t\t\t\t\t<\/div>\n\t\t\t\t<\/div>\n\t\t\t\t\t<\/div>\n\t\t<\/div>\n\t\t\t\t\t<\/div>\n\t\t<\/section>\n\t\t\t\t<section class=\"elementor-section elementor-top-section elementor-element elementor-element-ce2730a elementor-section-boxed elementor-section-height-default elementor-section-height-default\" data-id=\"ce2730a\" data-element_type=\"section\" data-e-type=\"section\">\n\t\t\t\t\t\t<div class=\"elementor-container elementor-column-gap-default\">\n\t\t\t\t\t<div class=\"elementor-column elementor-col-50 elementor-top-column elementor-element elementor-element-67dc1d0\" data-id=\"67dc1d0\" data-element_type=\"column\" data-e-type=\"column\">\n\t\t\t<div class=\"elementor-widget-wrap elementor-element-populated\">\n\t\t\t\t\t\t<div class=\"elementor-element elementor-element-53b39ed elementor-widget elementor-widget-text-editor\" data-id=\"53b39ed\" data-element_type=\"widget\" data-e-type=\"widget\" data-widget_type=\"text-editor.default\">\n\t\t\t\t<div class=\"elementor-widget-container\">\n\t\t\t\t\t\t\t\t\t<p>Les interfaces de test sous vide sont pr\u00e9cis\u00e9ment adapt\u00e9es aux syst\u00e8mes de test individuels. Gr\u00e2ce \u00e0 la technologie sous vide, une forte pression n\u00e9gative g\u00e9n\u00e8re des forces \u00e9lev\u00e9es, permettant ainsi de contracter un grand nombre de broches de contact \u00e0 ressort.<\/p>\t\t\t\t\t\t\t\t<\/div>\n\t\t\t\t<\/div>\n\t\t\t\t\t<\/div>\n\t\t<\/div>\n\t\t\t\t<div class=\"elementor-column elementor-col-50 elementor-top-column elementor-element elementor-element-5cbc1e4\" data-id=\"5cbc1e4\" data-element_type=\"column\" data-e-type=\"column\">\n\t\t\t<div class=\"elementor-widget-wrap elementor-element-populated\">\n\t\t\t\t\t\t<div class=\"elementor-element elementor-element-6cf319d elementor-widget elementor-widget-image\" data-id=\"6cf319d\" data-element_type=\"widget\" data-e-type=\"widget\" data-widget_type=\"image.default\">\n\t\t\t\t<div class=\"elementor-widget-container\">\n\t\t\t\t\t\t\t\t\t\t\t\t\t\t\t<img decoding=\"async\" src=\"https:\/\/moteco.de\/wp-content\/uploads\/elementor\/thumbs\/display_vakuum2-scaled-r1oxi6ofh8iv1bhidt93a4lxtmbi8qsg7wu3k42cag.jpg\" title=\"display_vakuum\" alt=\"vacuum-test-adapter\" loading=\"lazy\" \/>\t\t\t\t\t\t\t\t\t\t\t\t\t\t\t<\/div>\n\t\t\t\t<\/div>\n\t\t\t\t\t<\/div>\n\t\t<\/div>\n\t\t\t\t\t<\/div>\n\t\t<\/section>\n\t\t\t\t<section class=\"elementor-section elementor-top-section elementor-element elementor-element-d2e1738 elementor-section-boxed elementor-section-height-default elementor-section-height-default\" data-id=\"d2e1738\" data-element_type=\"section\" data-e-type=\"section\">\n\t\t\t\t\t\t<div class=\"elementor-container elementor-column-gap-default\">\n\t\t\t\t\t<div class=\"elementor-column elementor-col-50 elementor-top-column elementor-element elementor-element-8341e4b\" data-id=\"8341e4b\" data-element_type=\"column\" data-e-type=\"column\">\n\t\t\t<div class=\"elementor-widget-wrap elementor-element-populated\">\n\t\t\t\t\t\t<div class=\"elementor-element elementor-element-a278461 elementor-widget elementor-widget-text-editor\" data-id=\"a278461\" data-element_type=\"widget\" data-e-type=\"widget\" data-widget_type=\"text-editor.default\">\n\t\t\t\t<div class=\"elementor-widget-container\">\n\t\t\t\t\t\t\t\t\t<p>MOTECO propose des interfaces de test sous vide pour :<\/p><ul><li>Tous les syst\u00e8mes de test courants<\/li><li>Contact des deux c\u00f4t\u00e9s<\/li><li>Contact bi-niveau<\/li><li>Ouverture automatique apr\u00e8s le processus de test<\/li><\/ul><p>\u00a0<\/p><p>Ici aussi, la pr\u00e9cision est le facteur d\u00e9cisif. La moindre erreur peut entra\u00eener l'entr\u00e9e d'air et ainsi la perte du \u00ab vide \u00bb.<\/p>\t\t\t\t\t\t\t\t<\/div>\n\t\t\t\t<\/div>\n\t\t\t\t\t<\/div>\n\t\t<\/div>\n\t\t\t\t<div class=\"elementor-column elementor-col-50 elementor-top-column elementor-element elementor-element-e530318\" data-id=\"e530318\" data-element_type=\"column\" data-e-type=\"column\">\n\t\t\t<div class=\"elementor-widget-wrap elementor-element-populated\">\n\t\t\t\t\t\t<div class=\"elementor-element elementor-element-aaec5fd elementor-widget elementor-widget-image\" data-id=\"aaec5fd\" data-element_type=\"widget\" data-e-type=\"widget\" data-widget_type=\"image.default\">\n\t\t\t\t<div class=\"elementor-widget-container\">\n\t\t\t\t\t\t\t\t\t\t\t\t\t\t\t<img decoding=\"async\" src=\"https:\/\/moteco.de\/wp-content\/uploads\/elementor\/thumbs\/MOTECO_2025-025-scaled-r1p3f0awvtv1qwcknb15bx83tbcc1mokhacuaiidh4.jpg\" title=\"MOTECO_2025-025\" alt=\"wiring-test-adapter\" loading=\"lazy\" \/>\t\t\t\t\t\t\t\t\t\t\t\t\t\t\t<\/div>\n\t\t\t\t<\/div>\n\t\t\t\t\t<\/div>\n\t\t<\/div>\n\t\t\t\t\t<\/div>\n\t\t<\/section>\n\t\t\t\t<section class=\"elementor-section elementor-top-section elementor-element elementor-element-648472d elementor-section-boxed elementor-section-height-default elementor-section-height-default\" data-id=\"648472d\" data-element_type=\"section\" data-e-type=\"section\">\n\t\t\t\t\t\t<div class=\"elementor-container elementor-column-gap-default\">\n\t\t\t\t\t<div class=\"elementor-column elementor-col-50 elementor-top-column elementor-element elementor-element-08913f9\" data-id=\"08913f9\" data-element_type=\"column\" data-e-type=\"column\">\n\t\t\t<div class=\"elementor-widget-wrap elementor-element-populated\">\n\t\t\t\t\t\t<div class=\"elementor-element elementor-element-1d23c8e elementor-widget elementor-widget-text-editor\" data-id=\"1d23c8e\" data-element_type=\"widget\" data-e-type=\"widget\" data-widget_type=\"text-editor.default\">\n\t\t\t\t<div class=\"elementor-widget-container\">\n\t\t\t\t\t\t\t\t\t<p>Notre expertise r\u00e9side \u00e9galement dans l'interaction entre pression et contre-pression, de mani\u00e8re \u00e0 assurer un retrait sym\u00e9trique de l'adaptateur, ce qui r\u00e9duit \u00e9galement la contrainte exerc\u00e9e sur la carte.<\/p>\n<p>Notre t\u00e2che est de concevoir et de fabriquer l'adaptateur correspondant \u00e0 vos besoins, m\u00eame si cela n\u00e9cessite un peu plus de travail.<\/p>\n<p class=\"MsoNormal\"><span style=\"font-size: 13.0pt; line-height: 107%;\">MOTECO offre un service complet et sur mesure.<\/span><\/p>\n<p class=\"MsoNormal\">Conseil \/ Coordination \u2192 Conception \u2192 Production \u2192 Test \u2192 Emballage \u2192 Livraison \u2192 Service<br><\/p>\t\t\t\t\t\t\t\t<\/div>\n\t\t\t\t<\/div>\n\t\t\t\t\t<\/div>\n\t\t<\/div>\n\t\t\t\t<div class=\"elementor-column elementor-col-50 elementor-top-column elementor-element elementor-element-70bd1ec\" data-id=\"70bd1ec\" data-element_type=\"column\" data-e-type=\"column\">\n\t\t\t<div class=\"elementor-widget-wrap elementor-element-populated\">\n\t\t\t\t\t\t<div class=\"elementor-element elementor-element-f8e0ad2 elementor-widget elementor-widget-image\" data-id=\"f8e0ad2\" data-element_type=\"widget\" data-e-type=\"widget\" data-widget_type=\"image.default\">\n\t\t\t\t<div class=\"elementor-widget-container\">\n\t\t\t\t\t\t\t\t\t\t\t\t\t\t\t<img fetchpriority=\"high\" decoding=\"async\" width=\"300\" height=\"200\" src=\"https:\/\/moteco.de\/wp-content\/uploads\/2025\/02\/MOTECO_2025-020-300x200.jpg\" class=\"attachment-medium size-medium wp-image-2286\" alt=\"wiring-test-adapter\" srcset=\"https:\/\/moteco.de\/wp-content\/uploads\/2025\/02\/MOTECO_2025-020-300x200.jpg 300w, https:\/\/moteco.de\/wp-content\/uploads\/2025\/02\/MOTECO_2025-020-1024x683.jpg 1024w, https:\/\/moteco.de\/wp-content\/uploads\/2025\/02\/MOTECO_2025-020-768x512.jpg 768w, https:\/\/moteco.de\/wp-content\/uploads\/2025\/02\/MOTECO_2025-020-1536x1024.jpg 1536w, https:\/\/moteco.de\/wp-content\/uploads\/2025\/02\/MOTECO_2025-020-2048x1365.jpg 2048w, https:\/\/moteco.de\/wp-content\/uploads\/2025\/02\/MOTECO_2025-020-18x12.jpg 18w\" sizes=\"(max-width: 300px) 100vw, 300px\" \/>\t\t\t\t\t\t\t\t\t\t\t\t\t\t\t<\/div>\n\t\t\t\t<\/div>\n\t\t\t\t\t<\/div>\n\t\t<\/div>\n\t\t\t\t\t<\/div>\n\t\t<\/section>\n\t\t\t\t<\/div>","protected":false},"excerpt":{"rendered":"<p>Vakuum-Pr\u00fcfadapter \u2013 Pr\u00e4zision &amp; Zuverl\u00e4ssigkeit Vakuum-Pr\u00fcfadaptern sind mit ihren Schnittstellen exakt auf die einzelnen Testsysteme abgestimmt. Auf Grund der Vakuumtechnik entstehen durch den Unterdruck hohe Kr\u00e4fte, die es erm\u00f6glichen extrem viele Federkontaktstifte zu kontaktieren. MOTECO bietet Vakuumadapter f\u00fcr: Alle g\u00e4ngigen Testsysteme beidseitige Kontaktierung Bi-Level-Kontaktierung Automatisches \u00d6ffnen nach dem Testvorgang \u00a0 Auch hier ist die Pr\u00e4zision [&hellip;]<\/p>\n","protected":false},"author":2,"featured_media":0,"parent":1322,"menu_order":0,"comment_status":"closed","ping_status":"closed","template":"","meta":{"footnotes":""},"class_list":["post-94","page","type-page","status-publish","hentry"],"_links":{"self":[{"href":"https:\/\/moteco.de\/fr\/wp-json\/wp\/v2\/pages\/94","targetHints":{"allow":["GET"]}}],"collection":[{"href":"https:\/\/moteco.de\/fr\/wp-json\/wp\/v2\/pages"}],"about":[{"href":"https:\/\/moteco.de\/fr\/wp-json\/wp\/v2\/types\/page"}],"author":[{"embeddable":true,"href":"https:\/\/moteco.de\/fr\/wp-json\/wp\/v2\/users\/2"}],"replies":[{"embeddable":true,"href":"https:\/\/moteco.de\/fr\/wp-json\/wp\/v2\/comments?post=94"}],"version-history":[{"count":0,"href":"https:\/\/moteco.de\/fr\/wp-json\/wp\/v2\/pages\/94\/revisions"}],"up":[{"embeddable":true,"href":"https:\/\/moteco.de\/fr\/wp-json\/wp\/v2\/pages\/1322"}],"wp:attachment":[{"href":"https:\/\/moteco.de\/fr\/wp-json\/wp\/v2\/media?parent=94"}],"curies":[{"name":"wp","href":"https:\/\/api.w.org\/{rel}","templated":true}]}}