{"id":92,"date":"2022-07-05T08:00:47","date_gmt":"2022-07-05T08:00:47","guid":{"rendered":"https:\/\/moteco.de\/?page_id=92"},"modified":"2026-04-13T15:05:45","modified_gmt":"2026-04-13T15:05:45","slug":"sonderloesungen","status":"publish","type":"page","link":"https:\/\/moteco.de\/fr\/portfolio\/sonderloesungen\/","title":{"rendered":"Adaptateur sp\u00e9cial"},"content":{"rendered":"<div data-elementor-type=\"wp-page\" data-elementor-id=\"92\" class=\"elementor elementor-92\" data-elementor-post-type=\"page\">\n\t\t\t\t\t\t<section class=\"elementor-section elementor-top-section elementor-element elementor-element-d386580 elementor-section-boxed elementor-section-height-default elementor-section-height-default\" data-id=\"d386580\" data-element_type=\"section\" data-e-type=\"section\" data-settings=\"{&quot;background_background&quot;:&quot;classic&quot;}\">\n\t\t\t\t\t\t\t<div class=\"elementor-background-overlay\"><\/div>\n\t\t\t\t\t\t\t<div class=\"elementor-container elementor-column-gap-default\">\n\t\t\t\t\t<div class=\"elementor-column elementor-col-100 elementor-top-column elementor-element elementor-element-ec3c9fd\" data-id=\"ec3c9fd\" data-element_type=\"column\" data-e-type=\"column\">\n\t\t\t<div class=\"elementor-widget-wrap elementor-element-populated\">\n\t\t\t\t\t\t<div class=\"elementor-element elementor-element-416d5af elementor-invisible elementor-widget elementor-widget-heading\" data-id=\"416d5af\" data-element_type=\"widget\" data-e-type=\"widget\" data-settings=\"{&quot;_animation&quot;:&quot;fadeInUp&quot;}\" data-widget_type=\"heading.default\">\n\t\t\t\t<div class=\"elementor-widget-container\">\n\t\t\t\t\t<h1 class=\"elementor-heading-title elementor-size-default\">Bancs de test sur mesure pour chaque application<\/h1>\t\t\t\t<\/div>\n\t\t\t\t<\/div>\n\t\t\t\t<div class=\"elementor-element elementor-element-3ded152 animated-slow elementor-invisible elementor-widget elementor-widget-heading\" data-id=\"3ded152\" data-element_type=\"widget\" data-e-type=\"widget\" data-settings=\"{&quot;_animation&quot;:&quot;fadeIn&quot;,&quot;_animation_delay&quot;:360}\" data-widget_type=\"heading.default\">\n\t\t\t\t<div class=\"elementor-widget-container\">\n\t\t\t\t\t<h2 class=\"elementor-heading-title elementor-size-default\">Au-del\u00e0 de la fabrication d'adaptateurs, nous d\u00e9veloppons et fabriquons des solutions de test sp\u00e9ciales selon les exigences du client.<\/h2>\t\t\t\t<\/div>\n\t\t\t\t<\/div>\n\t\t\t\t\t<\/div>\n\t\t<\/div>\n\t\t\t\t\t<\/div>\n\t\t<\/section>\n\t\t\t\t<section class=\"elementor-section elementor-top-section elementor-element elementor-element-5d0d6b05 elementor-section-height-min-height elementor-section-boxed elementor-section-height-default elementor-section-items-middle\" data-id=\"5d0d6b05\" data-element_type=\"section\" data-e-type=\"section\" data-settings=\"{&quot;background_background&quot;:&quot;classic&quot;}\">\n\t\t\t\t\t\t\t<div class=\"elementor-background-overlay\"><\/div>\n\t\t\t\t\t\t\t<div class=\"elementor-container elementor-column-gap-default\">\n\t\t\t\t\t<div class=\"elementor-column elementor-col-100 elementor-top-column elementor-element elementor-element-694f8112\" data-id=\"694f8112\" data-element_type=\"column\" data-e-type=\"column\">\n\t\t\t<div class=\"elementor-widget-wrap elementor-element-populated\">\n\t\t\t\t\t\t<section class=\"elementor-section elementor-inner-section elementor-element elementor-element-54791989 elementor-section-boxed elementor-section-height-default elementor-section-height-default\" data-id=\"54791989\" data-element_type=\"section\" data-e-type=\"section\">\n\t\t\t\t\t\t<div class=\"elementor-container elementor-column-gap-wider\">\n\t\t\t\t\t<div class=\"elementor-column elementor-col-50 elementor-inner-column elementor-element elementor-element-3d858593\" data-id=\"3d858593\" data-element_type=\"column\" data-e-type=\"column\">\n\t\t\t<div class=\"elementor-widget-wrap elementor-element-populated\">\n\t\t\t\t\t\t<div class=\"elementor-element elementor-element-3fb6240 elementor-widget elementor-widget-image\" data-id=\"3fb6240\" data-element_type=\"widget\" data-e-type=\"widget\" data-widget_type=\"image.default\">\n\t\t\t\t<div class=\"elementor-widget-container\">\n\t\t\t\t\t\t\t\t\t\t\t\t\t\t\t<img fetchpriority=\"high\" decoding=\"async\" width=\"800\" height=\"600\" src=\"https:\/\/moteco.de\/wp-content\/uploads\/2023\/07\/IMG_0173-1024x768.jpg\" class=\"attachment-large size-large wp-image-1424\" alt=\"customized-test-adapter\" srcset=\"https:\/\/moteco.de\/wp-content\/uploads\/2023\/07\/IMG_0173-1024x768.jpg 1024w, https:\/\/moteco.de\/wp-content\/uploads\/2023\/07\/IMG_0173-300x225.jpg 300w, https:\/\/moteco.de\/wp-content\/uploads\/2023\/07\/IMG_0173-768x576.jpg 768w, https:\/\/moteco.de\/wp-content\/uploads\/2023\/07\/IMG_0173-1536x1152.jpg 1536w, https:\/\/moteco.de\/wp-content\/uploads\/2023\/07\/IMG_0173-2048x1536.jpg 2048w, https:\/\/moteco.de\/wp-content\/uploads\/2023\/07\/IMG_0173-16x12.jpg 16w\" sizes=\"(max-width: 800px) 100vw, 800px\" \/>\t\t\t\t\t\t\t\t\t\t\t\t\t\t\t<\/div>\n\t\t\t\t<\/div>\n\t\t\t\t\t<\/div>\n\t\t<\/div>\n\t\t\t\t<div class=\"elementor-column elementor-col-50 elementor-inner-column elementor-element elementor-element-78b2a1f6\" data-id=\"78b2a1f6\" data-element_type=\"column\" data-e-type=\"column\">\n\t\t\t<div class=\"elementor-widget-wrap elementor-element-populated\">\n\t\t\t\t\t\t<div class=\"elementor-element elementor-element-42d8d1a7 elementor-invisible elementor-widget elementor-widget-text-editor\" data-id=\"42d8d1a7\" data-element_type=\"widget\" data-e-type=\"widget\" data-settings=\"{&quot;_animation&quot;:&quot;fadeInUp&quot;,&quot;_animation_delay&quot;:500}\" data-widget_type=\"text-editor.default\">\n\t\t\t\t<div class=\"elementor-widget-container\">\n\t\t\t\t\t\t\t\t\t<p>Les adaptateurs sp\u00e9ciaux existent dans toutes les configurations et fonctions imaginables. Ils ne se limitent pas aux tests de grandeurs \u00e9lectriques. Ils peuvent \u00e9galement inclure des tests optiques ou thermiques, par exemple. Les possibilit\u00e9s sont pratiquement infinies.<\/p>\t\t\t\t\t\t\t\t<\/div>\n\t\t\t\t<\/div>\n\t\t\t\t\t<\/div>\n\t\t<\/div>\n\t\t\t\t\t<\/div>\n\t\t<\/section>\n\t\t\t\t<section class=\"elementor-section elementor-inner-section elementor-element elementor-element-b6ccf15 elementor-section-boxed elementor-section-height-default elementor-section-height-default\" data-id=\"b6ccf15\" data-element_type=\"section\" data-e-type=\"section\">\n\t\t\t\t\t\t<div class=\"elementor-container elementor-column-gap-wider\">\n\t\t\t\t\t<div class=\"elementor-column elementor-col-50 elementor-inner-column elementor-element elementor-element-86a8c0f\" data-id=\"86a8c0f\" data-element_type=\"column\" data-e-type=\"column\">\n\t\t\t<div class=\"elementor-widget-wrap elementor-element-populated\">\n\t\t\t\t\t\t<div class=\"elementor-element elementor-element-4a90f2f elementor-widget elementor-widget-image\" data-id=\"4a90f2f\" data-element_type=\"widget\" data-e-type=\"widget\" data-widget_type=\"image.default\">\n\t\t\t\t<div class=\"elementor-widget-container\">\n\t\t\t\t\t\t\t\t\t\t\t\t\t\t\t<img decoding=\"async\" width=\"800\" height=\"450\" src=\"https:\/\/moteco.de\/wp-content\/uploads\/2023\/07\/Baugruppe-gerendert--1024x576.jpg\" class=\"attachment-large size-large wp-image-1423\" alt=\"automatic-test-equipment\" srcset=\"https:\/\/moteco.de\/wp-content\/uploads\/2023\/07\/Baugruppe-gerendert--1024x576.jpg 1024w, https:\/\/moteco.de\/wp-content\/uploads\/2023\/07\/Baugruppe-gerendert--300x169.jpg 300w, https:\/\/moteco.de\/wp-content\/uploads\/2023\/07\/Baugruppe-gerendert--768x432.jpg 768w, https:\/\/moteco.de\/wp-content\/uploads\/2023\/07\/Baugruppe-gerendert--1536x864.jpg 1536w, https:\/\/moteco.de\/wp-content\/uploads\/2023\/07\/Baugruppe-gerendert--2048x1153.jpg 2048w, https:\/\/moteco.de\/wp-content\/uploads\/2023\/07\/Baugruppe-gerendert--18x10.jpg 18w\" sizes=\"(max-width: 800px) 100vw, 800px\" \/>\t\t\t\t\t\t\t\t\t\t\t\t\t\t\t<\/div>\n\t\t\t\t<\/div>\n\t\t\t\t\t<\/div>\n\t\t<\/div>\n\t\t\t\t<div class=\"elementor-column elementor-col-50 elementor-inner-column elementor-element elementor-element-e597965\" data-id=\"e597965\" data-element_type=\"column\" data-e-type=\"column\">\n\t\t\t<div class=\"elementor-widget-wrap elementor-element-populated\">\n\t\t\t\t\t\t<div class=\"elementor-element elementor-element-46c29fd elementor-invisible elementor-widget elementor-widget-text-editor\" data-id=\"46c29fd\" data-element_type=\"widget\" data-e-type=\"widget\" data-settings=\"{&quot;_animation&quot;:&quot;fadeInUp&quot;,&quot;_animation_delay&quot;:500}\" data-widget_type=\"text-editor.default\">\n\t\t\t\t<div class=\"elementor-widget-container\">\n\t\t\t\t\t\t\t\t\t<p>Que ce soit pour des appareils de base standardis\u00e9s ou des constructions sp\u00e9ciales sur mesure, le choix d\u00e9pend des exigences du client. En plus des aspects techniques, il est essentiel de prendre en compte les exigences de s\u00e9curit\u00e9. S'il s'agit d'une machine compl\u00e8te, les contr\u00f4les et certifications n\u00e9cessaires, tels que le marquage GS et l'ECE, doivent \u00e9galement \u00eatre r\u00e9alis\u00e9s et document\u00e9s.<\/p>\t\t\t\t\t\t\t\t<\/div>\n\t\t\t\t<\/div>\n\t\t\t\t\t<\/div>\n\t\t<\/div>\n\t\t\t\t\t<\/div>\n\t\t<\/section>\n\t\t\t\t\t<\/div>\n\t\t<\/div>\n\t\t\t\t\t<\/div>\n\t\t<\/section>\n\t\t\t\t<section class=\"elementor-section elementor-top-section elementor-element elementor-element-dd6df7e elementor-section-boxed elementor-section-height-default elementor-section-height-default\" data-id=\"dd6df7e\" data-element_type=\"section\" data-e-type=\"section\">\n\t\t\t\t\t\t<div class=\"elementor-container elementor-column-gap-default\">\n\t\t\t\t\t<div class=\"elementor-column elementor-col-100 elementor-top-column elementor-element elementor-element-35627fe\" data-id=\"35627fe\" data-element_type=\"column\" data-e-type=\"column\">\n\t\t\t<div class=\"elementor-widget-wrap elementor-element-populated\">\n\t\t\t\t\t\t<div class=\"elementor-element elementor-element-63b37d5 elementor-widget elementor-widget-text-editor\" data-id=\"63b37d5\" data-element_type=\"widget\" data-e-type=\"widget\" data-widget_type=\"text-editor.default\">\n\t\t\t\t<div class=\"elementor-widget-container\">\n\t\t\t\t\t\t\t\t\t<p>La base est l'\u00e9laboration d'un cahier des charges et d'un cahier des obligations, qui sera cr\u00e9\u00e9 en \u00e9troite collaboration avec vous et ensuite valid\u00e9 par vos soins.<\/p><p>Notre t\u00e2che est de concevoir le produit adapt\u00e9 \u00e0 vos besoins et de le fabriquer pour vous.<\/p><p>MOTECO offre un service complet et sur mesure.<\/p><p>Conseil \/ Coordination \u2192 Conception \u2192 Production \u2192 Test \u2192 Emballage \u2192 Livraison \u2192 Service<\/p>\t\t\t\t\t\t\t\t<\/div>\n\t\t\t\t<\/div>\n\t\t\t\t\t<\/div>\n\t\t<\/div>\n\t\t\t\t\t<\/div>\n\t\t<\/section>\n\t\t\t\t<\/div>","protected":false},"excerpt":{"rendered":"<p>Kundenspezifische Sonder-Pr\u00fcfadapter f\u00fcr jeden Anwendungsfall \u00dcber den Adapterbau hinaus entwickeln und fertigen wir spezielle Pr\u00fcfl\u00f6sungen nach Kundenvorgaben. Sonder-Adapter gibt es in allen erdenklichen Ausf\u00fchrungen und Funktionen. Sie sind nicht auf den Test von Elektrischen Gr\u00f6\u00dfen beschr\u00e4nkt. Dies k\u00f6nnen auch z.B. optische oder thermische Testaufgaben beinhalten. Der Fantasie sind hier kaum Grenzen gesetzt. Ob standardisierte Adapter-Grundger\u00e4te [&hellip;]<\/p>\n","protected":false},"author":2,"featured_media":0,"parent":1322,"menu_order":0,"comment_status":"closed","ping_status":"closed","template":"","meta":{"footnotes":""},"class_list":["post-92","page","type-page","status-publish","hentry"],"_links":{"self":[{"href":"https:\/\/moteco.de\/fr\/wp-json\/wp\/v2\/pages\/92","targetHints":{"allow":["GET"]}}],"collection":[{"href":"https:\/\/moteco.de\/fr\/wp-json\/wp\/v2\/pages"}],"about":[{"href":"https:\/\/moteco.de\/fr\/wp-json\/wp\/v2\/types\/page"}],"author":[{"embeddable":true,"href":"https:\/\/moteco.de\/fr\/wp-json\/wp\/v2\/users\/2"}],"replies":[{"embeddable":true,"href":"https:\/\/moteco.de\/fr\/wp-json\/wp\/v2\/comments?post=92"}],"version-history":[{"count":0,"href":"https:\/\/moteco.de\/fr\/wp-json\/wp\/v2\/pages\/92\/revisions"}],"up":[{"embeddable":true,"href":"https:\/\/moteco.de\/fr\/wp-json\/wp\/v2\/pages\/1322"}],"wp:attachment":[{"href":"https:\/\/moteco.de\/fr\/wp-json\/wp\/v2\/media?parent=92"}],"curies":[{"name":"wp","href":"https:\/\/api.w.org\/{rel}","templated":true}]}}