{"id":84,"date":"2022-07-05T07:59:37","date_gmt":"2022-07-05T07:59:37","guid":{"rendered":"https:\/\/moteco.de\/?page_id=84"},"modified":"2026-04-17T12:36:05","modified_gmt":"2026-04-17T12:36:05","slug":"ueber-uns","status":"publish","type":"page","link":"https:\/\/moteco.de\/fr\/ueber-uns\/","title":{"rendered":"\u00c0 propos de nous"},"content":{"rendered":"<div data-elementor-type=\"wp-page\" data-elementor-id=\"84\" class=\"elementor elementor-84\" data-elementor-post-type=\"page\">\n\t\t\t\t\t\t<section class=\"elementor-section elementor-top-section elementor-element elementor-element-5bb60de elementor-section-boxed elementor-section-height-default elementor-section-height-default\" data-id=\"5bb60de\" data-element_type=\"section\" data-e-type=\"section\" data-settings=\"{&quot;background_background&quot;:&quot;classic&quot;}\">\n\t\t\t\t\t\t\t<div class=\"elementor-background-overlay\"><\/div>\n\t\t\t\t\t\t\t<div class=\"elementor-container elementor-column-gap-default\">\n\t\t\t\t\t<div class=\"elementor-column elementor-col-100 elementor-top-column elementor-element elementor-element-53d886c\" data-id=\"53d886c\" data-element_type=\"column\" data-e-type=\"column\">\n\t\t\t<div class=\"elementor-widget-wrap elementor-element-populated\">\n\t\t\t\t\t\t<div class=\"elementor-element elementor-element-3709b07 elementor-widget-mobile__width-inherit elementor-invisible elementor-widget elementor-widget-heading\" data-id=\"3709b07\" data-element_type=\"widget\" data-e-type=\"widget\" data-settings=\"{&quot;_animation&quot;:&quot;fadeInUp&quot;}\" data-widget_type=\"heading.default\">\n\t\t\t\t<div class=\"elementor-widget-container\">\n\t\t\t\t\t<h1 class=\"elementor-heading-title elementor-size-default\">Votre sp\u00e9cialiste ind\u00e9pendant en bancs de test depuis 1971<\/h1>\t\t\t\t<\/div>\n\t\t\t\t<\/div>\n\t\t\t\t\t<\/div>\n\t\t<\/div>\n\t\t\t\t\t<\/div>\n\t\t<\/section>\n\t\t\t\t<section class=\"elementor-section elementor-top-section elementor-element elementor-element-025accd elementor-section-boxed elementor-section-height-default elementor-section-height-default\" data-id=\"025accd\" data-element_type=\"section\" data-e-type=\"section\">\n\t\t\t\t\t\t<div class=\"elementor-container elementor-column-gap-default\">\n\t\t\t\t\t<div class=\"elementor-column elementor-col-100 elementor-top-column elementor-element elementor-element-224a6aa\" data-id=\"224a6aa\" data-element_type=\"column\" data-e-type=\"column\">\n\t\t\t<div class=\"elementor-widget-wrap elementor-element-populated\">\n\t\t\t\t\t\t<div class=\"elementor-element elementor-element-b04531d elementor-widget elementor-widget-spacer\" data-id=\"b04531d\" data-element_type=\"widget\" data-e-type=\"widget\" data-widget_type=\"spacer.default\">\n\t\t\t\t<div class=\"elementor-widget-container\">\n\t\t\t\t\t\t\t<div class=\"elementor-spacer\">\n\t\t\t<div class=\"elementor-spacer-inner\"><\/div>\n\t\t<\/div>\n\t\t\t\t\t\t<\/div>\n\t\t\t\t<\/div>\n\t\t\t\t<div class=\"elementor-element elementor-element-a949d3c elementor-widget elementor-widget-text-editor\" data-id=\"a949d3c\" data-element_type=\"widget\" data-e-type=\"widget\" data-widget_type=\"text-editor.default\">\n\t\t\t\t<div class=\"elementor-widget-container\">\n\t\t\t\t\t\t\t\t\t<p>MOTECO est un prestataire professionnel de technologies de test pour l'industrie \u00e9lectrotechnique.<\/p><p>La majorit\u00e9 de nos employ\u00e9s provient du secteur \"adaptateurs de test d\u00e9velopp\u00e9s\" de l'entreprise Ingun Pr\u00fcfmittelbau GmbH. Ce secteur a fonctionn\u00e9 avec succ\u00e8s de 1971 jusqu'en mars 2021. Pour des raisons strat\u00e9giques, Ingun Pr\u00fcfmittelbau GmbH a d\u00e9cid\u00e9 de se s\u00e9parer de ce secteur et de le confier aux mains expertes de G&amp;C Germany GmbH. Pratiquement tous les employ\u00e9s de ce domaine ont \u00e9t\u00e9 repris, ainsi que l'ensemble du parc de machines et de l'\u00e9quipement technique. Depuis mars 2021, cette activit\u00e9 est men\u00e9e avec succ\u00e8s sous la marque MOTECO.<\/p><p><span style=\"color: #339966;\"><strong>MO<\/strong><\/span><strong>RE as <\/strong><span style=\"color: #339966;\"><strong>TE<\/strong><\/span><strong>CHNOLOGY and <\/strong><span style=\"color: #339966;\"><strong>CO<\/strong><\/span><strong>MPETENCE<\/strong><\/p><p>Avec cette reprise, plus de 500 ans d'exp\u00e9rience professionnelle et une fid\u00e9lisation de longue date des clients ont \u00e9t\u00e9 transf\u00e9r\u00e9s \u00e0 MOTECO. En plus des clients existants d'Ingun, de plus en plus de nouveaux clients sont acquis et satisfaits.<\/p>\t\t\t\t\t\t\t\t<\/div>\n\t\t\t\t<\/div>\n\t\t\t\t<div class=\"elementor-element elementor-element-b521eea elementor-widget elementor-widget-button\" data-id=\"b521eea\" data-element_type=\"widget\" data-e-type=\"widget\" data-widget_type=\"button.default\">\n\t\t\t\t<div class=\"elementor-widget-container\">\n\t\t\t\t\t\t\t\t\t<div class=\"elementor-button-wrapper\">\n\t\t\t\t\t<a class=\"elementor-button elementor-button-link elementor-size-sm\" href=\"https:\/\/moteco.de\/fr\/ingun-pruefadapter\/\">\n\t\t\t\t\t\t<span class=\"elementor-button-content-wrapper\">\n\t\t\t\t\t\t\t\t\t<span class=\"elementor-button-text\">Notre lien avec INGUN<\/span>\n\t\t\t\t\t<\/span>\n\t\t\t\t\t<\/a>\n\t\t\t\t<\/div>\n\t\t\t\t\t\t\t\t<\/div>\n\t\t\t\t<\/div>\n\t\t\t\t\t<\/div>\n\t\t<\/div>\n\t\t\t\t\t<\/div>\n\t\t<\/section>\n\t\t\t\t<section class=\"elementor-section elementor-top-section elementor-element elementor-element-c6ccd08 elementor-section-boxed elementor-section-height-default elementor-section-height-default\" data-id=\"c6ccd08\" data-element_type=\"section\" data-e-type=\"section\">\n\t\t\t\t\t\t<div class=\"elementor-container elementor-column-gap-default\">\n\t\t\t\t\t<div class=\"elementor-column elementor-col-100 elementor-top-column elementor-element elementor-element-5d3dd6f\" data-id=\"5d3dd6f\" data-element_type=\"column\" data-e-type=\"column\">\n\t\t\t<div class=\"elementor-widget-wrap elementor-element-populated\">\n\t\t\t\t\t\t<div class=\"elementor-element elementor-element-b1f8114 elementor-widget__width-initial elementor-widget elementor-widget-video\" data-id=\"b1f8114\" data-element_type=\"widget\" data-e-type=\"widget\" data-settings=\"{&quot;youtube_url&quot;:&quot;https:\\\/\\\/www.youtube.com\\\/watch?v=fZ5fdhLWUd8&quot;,&quot;video_type&quot;:&quot;youtube&quot;,&quot;controls&quot;:&quot;yes&quot;}\" data-widget_type=\"video.default\">\n\t\t\t\t<div class=\"elementor-widget-container\">\n\t\t\t\t\t\t\t<div class=\"elementor-wrapper elementor-open-inline\">\n\t\t\t<div class=\"elementor-video\"><\/div>\t\t<\/div>\n\t\t\t\t\t\t<\/div>\n\t\t\t\t<\/div>\n\t\t\t\t\t<\/div>\n\t\t<\/div>\n\t\t\t\t\t<\/div>\n\t\t<\/section>\n\t\t\t\t<section class=\"elementor-section elementor-top-section elementor-element elementor-element-e9ee2e5 elementor-section-boxed elementor-section-height-default elementor-section-height-default\" data-id=\"e9ee2e5\" data-element_type=\"section\" data-e-type=\"section\">\n\t\t\t\t\t\t<div class=\"elementor-container elementor-column-gap-default\">\n\t\t\t\t\t<div class=\"elementor-column elementor-col-100 elementor-top-column elementor-element elementor-element-a9402ac\" data-id=\"a9402ac\" data-element_type=\"column\" data-e-type=\"column\">\n\t\t\t<div class=\"elementor-widget-wrap elementor-element-populated\">\n\t\t\t\t\t\t<div class=\"elementor-element elementor-element-a563394 elementor-widget elementor-widget-heading\" data-id=\"a563394\" data-element_type=\"widget\" data-e-type=\"widget\" data-widget_type=\"heading.default\">\n\t\t\t\t<div class=\"elementor-widget-container\">\n\t\t\t\t\t<h3 class=\"elementor-heading-title elementor-size-default\">Un nombre croissant d'employ\u00e9s assure la mise en \u0153uvre sans faille de vos projets.<\/h3>\t\t\t\t<\/div>\n\t\t\t\t<\/div>\n\t\t\t\t<section class=\"elementor-section elementor-inner-section elementor-element elementor-element-6616e97 elementor-section-boxed elementor-section-height-default elementor-section-height-default\" data-id=\"6616e97\" data-element_type=\"section\" data-e-type=\"section\" data-settings=\"{&quot;background_background&quot;:&quot;gradient&quot;}\">\n\t\t\t\t\t\t<div class=\"elementor-container elementor-column-gap-default\">\n\t\t\t\t\t<div class=\"elementor-column elementor-col-25 elementor-inner-column elementor-element elementor-element-e59cd2a\" data-id=\"e59cd2a\" data-element_type=\"column\" data-e-type=\"column\">\n\t\t\t<div class=\"elementor-widget-wrap elementor-element-populated\">\n\t\t\t\t\t\t<div class=\"elementor-element elementor-element-c43a001 elementor-widget elementor-widget-image\" data-id=\"c43a001\" data-element_type=\"widget\" data-e-type=\"widget\" data-widget_type=\"image.default\">\n\t\t\t\t<div class=\"elementor-widget-container\">\n\t\t\t\t\t\t\t\t\t\t\t\t\t\t\t<img fetchpriority=\"high\" decoding=\"async\" width=\"800\" height=\"534\" src=\"https:\/\/moteco.de\/wp-content\/uploads\/2025\/02\/MOTECO_2025-046-1024x683.jpg\" class=\"attachment-large size-large wp-image-2277\" alt=\"cnc-machining\" srcset=\"https:\/\/moteco.de\/wp-content\/uploads\/2025\/02\/MOTECO_2025-046-1024x683.jpg 1024w, https:\/\/moteco.de\/wp-content\/uploads\/2025\/02\/MOTECO_2025-046-300x200.jpg 300w, https:\/\/moteco.de\/wp-content\/uploads\/2025\/02\/MOTECO_2025-046-768x512.jpg 768w, https:\/\/moteco.de\/wp-content\/uploads\/2025\/02\/MOTECO_2025-046-1536x1024.jpg 1536w, https:\/\/moteco.de\/wp-content\/uploads\/2025\/02\/MOTECO_2025-046-2048x1365.jpg 2048w, https:\/\/moteco.de\/wp-content\/uploads\/2025\/02\/MOTECO_2025-046-18x12.jpg 18w\" sizes=\"(max-width: 800px) 100vw, 800px\" \/>\t\t\t\t\t\t\t\t\t\t\t\t\t\t\t<\/div>\n\t\t\t\t<\/div>\n\t\t\t\t\t<\/div>\n\t\t<\/div>\n\t\t\t\t<div class=\"elementor-column elementor-col-25 elementor-inner-column elementor-element elementor-element-4e6e264\" data-id=\"4e6e264\" data-element_type=\"column\" data-e-type=\"column\">\n\t\t\t<div class=\"elementor-widget-wrap elementor-element-populated\">\n\t\t\t\t\t\t<div class=\"elementor-element elementor-element-a73408d elementor-widget elementor-widget-image\" data-id=\"a73408d\" data-element_type=\"widget\" data-e-type=\"widget\" data-widget_type=\"image.default\">\n\t\t\t\t<div class=\"elementor-widget-container\">\n\t\t\t\t\t\t\t\t\t\t\t\t\t\t\t<img decoding=\"async\" width=\"800\" height=\"534\" src=\"https:\/\/moteco.de\/wp-content\/uploads\/2022\/07\/DSC03452-1024x683.jpg\" class=\"attachment-large size-large wp-image-384\" alt=\"Pr\u00fcfadapterausbau\" srcset=\"https:\/\/moteco.de\/wp-content\/uploads\/2022\/07\/DSC03452-1024x683.jpg 1024w, https:\/\/moteco.de\/wp-content\/uploads\/2022\/07\/DSC03452-300x200.jpg 300w, https:\/\/moteco.de\/wp-content\/uploads\/2022\/07\/DSC03452-768x512.jpg 768w, https:\/\/moteco.de\/wp-content\/uploads\/2022\/07\/DSC03452-1536x1024.jpg 1536w, https:\/\/moteco.de\/wp-content\/uploads\/2022\/07\/DSC03452-2048x1365.jpg 2048w, https:\/\/moteco.de\/wp-content\/uploads\/2022\/07\/DSC03452-scaled.jpg 1920w\" sizes=\"(max-width: 800px) 100vw, 800px\" \/>\t\t\t\t\t\t\t\t\t\t\t\t\t\t\t<\/div>\n\t\t\t\t<\/div>\n\t\t\t\t\t<\/div>\n\t\t<\/div>\n\t\t\t\t<div class=\"elementor-column elementor-col-25 elementor-inner-column elementor-element elementor-element-cff4ac8\" data-id=\"cff4ac8\" data-element_type=\"column\" data-e-type=\"column\">\n\t\t\t<div class=\"elementor-widget-wrap elementor-element-populated\">\n\t\t\t\t\t\t<div class=\"elementor-element elementor-element-3897c9f elementor-widget elementor-widget-image\" data-id=\"3897c9f\" data-element_type=\"widget\" data-e-type=\"widget\" data-widget_type=\"image.default\">\n\t\t\t\t<div class=\"elementor-widget-container\">\n\t\t\t\t\t\t\t\t\t\t\t\t\t\t\t<img decoding=\"async\" width=\"800\" height=\"534\" src=\"https:\/\/moteco.de\/wp-content\/uploads\/2025\/02\/MOTECO_2025-021-1024x683.jpg\" class=\"attachment-large size-large wp-image-2278\" alt=\"wiring-test-adapter\" srcset=\"https:\/\/moteco.de\/wp-content\/uploads\/2025\/02\/MOTECO_2025-021-1024x683.jpg 1024w, https:\/\/moteco.de\/wp-content\/uploads\/2025\/02\/MOTECO_2025-021-300x200.jpg 300w, https:\/\/moteco.de\/wp-content\/uploads\/2025\/02\/MOTECO_2025-021-768x512.jpg 768w, https:\/\/moteco.de\/wp-content\/uploads\/2025\/02\/MOTECO_2025-021-1536x1024.jpg 1536w, https:\/\/moteco.de\/wp-content\/uploads\/2025\/02\/MOTECO_2025-021-2048x1365.jpg 2048w, https:\/\/moteco.de\/wp-content\/uploads\/2025\/02\/MOTECO_2025-021-18x12.jpg 18w\" sizes=\"(max-width: 800px) 100vw, 800px\" \/>\t\t\t\t\t\t\t\t\t\t\t\t\t\t\t<\/div>\n\t\t\t\t<\/div>\n\t\t\t\t\t<\/div>\n\t\t<\/div>\n\t\t\t\t<div class=\"elementor-column elementor-col-25 elementor-inner-column elementor-element elementor-element-3b49d8f\" data-id=\"3b49d8f\" data-element_type=\"column\" data-e-type=\"column\">\n\t\t\t<div class=\"elementor-widget-wrap elementor-element-populated\">\n\t\t\t\t\t\t<div class=\"elementor-element elementor-element-1a4c6c5 elementor-widget elementor-widget-image\" data-id=\"1a4c6c5\" data-element_type=\"widget\" data-e-type=\"widget\" data-widget_type=\"image.default\">\n\t\t\t\t<div class=\"elementor-widget-container\">\n\t\t\t\t\t\t\t\t\t\t\t\t\t\t\t<img loading=\"lazy\" decoding=\"async\" width=\"800\" height=\"534\" src=\"https:\/\/moteco.de\/wp-content\/uploads\/2025\/02\/MOTECO_2025-009-1024x683.jpg\" class=\"attachment-large size-large wp-image-2280\" alt=\"3d-design\" srcset=\"https:\/\/moteco.de\/wp-content\/uploads\/2025\/02\/MOTECO_2025-009-1024x683.jpg 1024w, https:\/\/moteco.de\/wp-content\/uploads\/2025\/02\/MOTECO_2025-009-300x200.jpg 300w, https:\/\/moteco.de\/wp-content\/uploads\/2025\/02\/MOTECO_2025-009-768x512.jpg 768w, https:\/\/moteco.de\/wp-content\/uploads\/2025\/02\/MOTECO_2025-009-1536x1024.jpg 1536w, https:\/\/moteco.de\/wp-content\/uploads\/2025\/02\/MOTECO_2025-009-2048x1365.jpg 2048w, https:\/\/moteco.de\/wp-content\/uploads\/2025\/02\/MOTECO_2025-009-18x12.jpg 18w\" sizes=\"(max-width: 800px) 100vw, 800px\" \/>\t\t\t\t\t\t\t\t\t\t\t\t\t\t\t<\/div>\n\t\t\t\t<\/div>\n\t\t\t\t\t<\/div>\n\t\t<\/div>\n\t\t\t\t\t<\/div>\n\t\t<\/section>\n\t\t\t\t\t<\/div>\n\t\t<\/div>\n\t\t\t\t\t<\/div>\n\t\t<\/section>\n\t\t\t\t<section class=\"elementor-section elementor-top-section elementor-element elementor-element-163aa58b elementor-section-boxed elementor-section-height-default elementor-section-height-default\" data-id=\"163aa58b\" data-element_type=\"section\" data-e-type=\"section\" data-settings=\"{&quot;background_background&quot;:&quot;classic&quot;}\">\n\t\t\t\t\t\t<div class=\"elementor-container elementor-column-gap-default\">\n\t\t\t\t\t<div class=\"elementor-column elementor-col-100 elementor-top-column elementor-element elementor-element-49dbf8dd\" data-id=\"49dbf8dd\" data-element_type=\"column\" data-e-type=\"column\">\n\t\t\t<div class=\"elementor-widget-wrap elementor-element-populated\">\n\t\t\t\t\t\t<section class=\"elementor-section elementor-inner-section elementor-element elementor-element-8898485 elementor-section-boxed elementor-section-height-default elementor-section-height-default\" data-id=\"8898485\" data-element_type=\"section\" data-e-type=\"section\">\n\t\t\t\t\t\t<div class=\"elementor-container elementor-column-gap-default\">\n\t\t\t\t\t<div class=\"elementor-column elementor-col-50 elementor-inner-column elementor-element elementor-element-68210209\" data-id=\"68210209\" data-element_type=\"column\" data-e-type=\"column\">\n\t\t\t<div class=\"elementor-widget-wrap elementor-element-populated\">\n\t\t\t\t\t\t<div class=\"elementor-element elementor-element-63b394b5 elementor-widget elementor-widget-heading\" data-id=\"63b394b5\" data-element_type=\"widget\" data-e-type=\"widget\" data-widget_type=\"heading.default\">\n\t\t\t\t<div class=\"elementor-widget-container\">\n\t\t\t\t\t<h2 class=\"elementor-heading-title elementor-size-default\">Pourquoi MOTECO<\/h2>\t\t\t\t<\/div>\n\t\t\t\t<\/div>\n\t\t\t\t\t<\/div>\n\t\t<\/div>\n\t\t\t\t<div class=\"elementor-column elementor-col-50 elementor-inner-column elementor-element elementor-element-3d7eab2a\" data-id=\"3d7eab2a\" data-element_type=\"column\" data-e-type=\"column\">\n\t\t\t<div class=\"elementor-widget-wrap elementor-element-populated\">\n\t\t\t\t\t\t<div class=\"elementor-element elementor-element-59a7f8fa elementor-widget elementor-widget-heading\" data-id=\"59a7f8fa\" data-element_type=\"widget\" data-e-type=\"widget\" data-widget_type=\"heading.default\">\n\t\t\t\t<div class=\"elementor-widget-container\">\n\t\t\t\t\t<h2 class=\"elementor-heading-title elementor-size-default\">Nous sommes toujours \u00e0 votre disposition !<\/h2>\t\t\t\t<\/div>\n\t\t\t\t<\/div>\n\t\t\t\t\t<\/div>\n\t\t<\/div>\n\t\t\t\t\t<\/div>\n\t\t<\/section>\n\t\t\t\t<section class=\"elementor-section elementor-inner-section elementor-element elementor-element-340427f2 elementor-section-boxed elementor-section-height-default elementor-section-height-default\" data-id=\"340427f2\" data-element_type=\"section\" data-e-type=\"section\">\n\t\t\t\t\t\t<div class=\"elementor-container elementor-column-gap-default\">\n\t\t\t\t\t<div class=\"elementor-column elementor-col-33 elementor-inner-column elementor-element elementor-element-7e0f0f09 elementor-invisible\" data-id=\"7e0f0f09\" data-element_type=\"column\" data-e-type=\"column\" data-settings=\"{&quot;animation&quot;:&quot;slideInUp&quot;}\">\n\t\t\t<div class=\"elementor-widget-wrap elementor-element-populated\">\n\t\t\t\t\t\t<div class=\"elementor-element elementor-element-5494b1b7 elementor-view-default elementor-position-block-start elementor-mobile-position-block-start elementor-widget elementor-widget-icon-box\" data-id=\"5494b1b7\" data-element_type=\"widget\" data-e-type=\"widget\" data-widget_type=\"icon-box.default\">\n\t\t\t\t<div class=\"elementor-widget-container\">\n\t\t\t\t\t\t\t<div class=\"elementor-icon-box-wrapper\">\n\n\t\t\t\t\t\t<div class=\"elementor-icon-box-icon\">\n\t\t\t\t<span  class=\"elementor-icon elementor-animation-shrink\">\n\t\t\t\t<i aria-hidden=\"true\" class=\"icon icon-idea1\"><\/i>\t\t\t\t<\/span>\n\t\t\t<\/div>\n\t\t\t\n\t\t\t\t\t\t<div class=\"elementor-icon-box-content\">\n\n\t\t\t\t\t\t\t\t\t<h3 class=\"elementor-icon-box-title\">\n\t\t\t\t\t\t<span  >\n\t\t\t\t\t\t\tInnovant\t\t\t\t\t\t<\/span>\n\t\t\t\t\t<\/h3>\n\t\t\t\t\n\t\t\t\t\t\t\t\t\t<p class=\"elementor-icon-box-description\">\n\t\t\t\t\t\tNous disposons d'une biblioth\u00e8que de conceptions \u00e9tendue avec des solutions standardis\u00e9es et sur mesure.\t\t\t\t\t<\/p>\n\t\t\t\t\n\t\t\t<\/div>\n\t\t\t\n\t\t<\/div>\n\t\t\t\t\t\t<\/div>\n\t\t\t\t<\/div>\n\t\t\t\t\t<\/div>\n\t\t<\/div>\n\t\t\t\t<div class=\"elementor-column elementor-col-33 elementor-inner-column elementor-element elementor-element-27cf76e2 elementor-invisible\" data-id=\"27cf76e2\" data-element_type=\"column\" data-e-type=\"column\" data-settings=\"{&quot;animation&quot;:&quot;slideInUp&quot;,&quot;animation_delay&quot;:360}\">\n\t\t\t<div class=\"elementor-widget-wrap elementor-element-populated\">\n\t\t\t\t\t\t<div class=\"elementor-element elementor-element-5b23ffa7 elementor-view-default elementor-position-block-start elementor-mobile-position-block-start elementor-widget elementor-widget-icon-box\" data-id=\"5b23ffa7\" data-element_type=\"widget\" data-e-type=\"widget\" data-widget_type=\"icon-box.default\">\n\t\t\t\t<div class=\"elementor-widget-container\">\n\t\t\t\t\t\t\t<div class=\"elementor-icon-box-wrapper\">\n\n\t\t\t\t\t\t<div class=\"elementor-icon-box-icon\">\n\t\t\t\t<span  class=\"elementor-icon elementor-animation-shrink\">\n\t\t\t\t<i aria-hidden=\"true\" class=\"icon icon-briefcase\"><\/i>\t\t\t\t<\/span>\n\t\t\t<\/div>\n\t\t\t\n\t\t\t\t\t\t<div class=\"elementor-icon-box-content\">\n\n\t\t\t\t\t\t\t\t\t<h3 class=\"elementor-icon-box-title\">\n\t\t\t\t\t\t<span  >\n\t\t\t\t\t\t\tSolutions\t\t\t\t\t\t<\/span>\n\t\t\t\t\t<\/h3>\n\t\t\t\t\n\t\t\t\t\t\t\t\t\t<p class=\"elementor-icon-box-description\">\n\t\t\t\t\t\tNous appliquons des principes de bonnes pratiques et savons qu'un dispositif sur mesure n\u00e9cessite une solution de test tout aussi personnalis\u00e9e.\t\t\t\t\t<\/p>\n\t\t\t\t\n\t\t\t<\/div>\n\t\t\t\n\t\t<\/div>\n\t\t\t\t\t\t<\/div>\n\t\t\t\t<\/div>\n\t\t\t\t\t<\/div>\n\t\t<\/div>\n\t\t\t\t<div class=\"elementor-column elementor-col-33 elementor-inner-column elementor-element elementor-element-23a55334 elementor-invisible\" data-id=\"23a55334\" data-element_type=\"column\" data-e-type=\"column\" data-settings=\"{&quot;animation&quot;:&quot;slideInUp&quot;,&quot;animation_delay&quot;:1080}\">\n\t\t\t<div class=\"elementor-widget-wrap elementor-element-populated\">\n\t\t\t\t\t\t<div class=\"elementor-element elementor-element-59c5efc1 elementor-view-default elementor-position-block-start elementor-mobile-position-block-start elementor-widget elementor-widget-icon-box\" data-id=\"59c5efc1\" data-element_type=\"widget\" data-e-type=\"widget\" data-widget_type=\"icon-box.default\">\n\t\t\t\t<div class=\"elementor-widget-container\">\n\t\t\t\t\t\t\t<div class=\"elementor-icon-box-wrapper\">\n\n\t\t\t\t\t\t<div class=\"elementor-icon-box-icon\">\n\t\t\t\t<span  class=\"elementor-icon elementor-animation-shrink\">\n\t\t\t\t<i aria-hidden=\"true\" class=\"icon icon-line-chart1\"><\/i>\t\t\t\t<\/span>\n\t\t\t<\/div>\n\t\t\t\n\t\t\t\t\t\t<div class=\"elementor-icon-box-content\">\n\n\t\t\t\t\t\t\t\t\t<h3 class=\"elementor-icon-box-title\">\n\t\t\t\t\t\t<span  >\n\t\t\t\t\t\t\tDurable\t\t\t\t\t\t<\/span>\n\t\t\t\t\t<\/h3>\n\t\t\t\t\n\t\t\t\t\t\t\t\t\t<p class=\"elementor-icon-box-description\">\n\t\t\t\t\t\tNous utilisons des mat\u00e9riaux de haute qualit\u00e9 et respectueux de l'environnement, essentiels pour la performance et notre haute qualit\u00e9.\t\t\t\t\t<\/p>\n\t\t\t\t\n\t\t\t<\/div>\n\t\t\t\n\t\t<\/div>\n\t\t\t\t\t\t<\/div>\n\t\t\t\t<\/div>\n\t\t\t\t\t<\/div>\n\t\t<\/div>\n\t\t\t\t\t<\/div>\n\t\t<\/section>\n\t\t\t\t\t<\/div>\n\t\t<\/div>\n\t\t\t\t\t<\/div>\n\t\t<\/section>\n\t\t\t\t<\/div>","protected":false},"excerpt":{"rendered":"<p>Ihr unabh\u00e4ngiger Pr\u00fcfadapter-Spezialist seit 1971 MOTECO ist ein professioneller Dienstleister in der Pr\u00fcftechnik f\u00fcr die Elektroindustrie. Der \u00fcberwiegende Teil unsere Mitarbeiter stammt aus dem Gesch\u00e4ftsbereich \u201eausgebaute Pr\u00fcfadapter\u201c der Firma Ingun Pr\u00fcfmittelbau GmbH. Dieser Gesch\u00e4ftsbereich existierte erfolgreich von 1971 bis M\u00e4rz 2021. Aus strategischen Gr\u00fcnden hat sich Firma Ingun Pr\u00fcfmittelbau GmbH von diesem Gesch\u00e4ftsbereich getrennt und [&hellip;]<\/p>\n","protected":false},"author":2,"featured_media":0,"parent":0,"menu_order":0,"comment_status":"closed","ping_status":"closed","template":"","meta":{"footnotes":""},"class_list":["post-84","page","type-page","status-publish","hentry"],"_links":{"self":[{"href":"https:\/\/moteco.de\/fr\/wp-json\/wp\/v2\/pages\/84","targetHints":{"allow":["GET"]}}],"collection":[{"href":"https:\/\/moteco.de\/fr\/wp-json\/wp\/v2\/pages"}],"about":[{"href":"https:\/\/moteco.de\/fr\/wp-json\/wp\/v2\/types\/page"}],"author":[{"embeddable":true,"href":"https:\/\/moteco.de\/fr\/wp-json\/wp\/v2\/users\/2"}],"replies":[{"embeddable":true,"href":"https:\/\/moteco.de\/fr\/wp-json\/wp\/v2\/comments?post=84"}],"version-history":[{"count":0,"href":"https:\/\/moteco.de\/fr\/wp-json\/wp\/v2\/pages\/84\/revisions"}],"wp:attachment":[{"href":"https:\/\/moteco.de\/fr\/wp-json\/wp\/v2\/media?parent=84"}],"curies":[{"name":"wp","href":"https:\/\/api.w.org\/{rel}","templated":true}]}}