{"id":344,"date":"2022-07-05T11:06:33","date_gmt":"2022-07-05T11:06:33","guid":{"rendered":"https:\/\/moteco.de\/?page_id=344"},"modified":"2026-04-13T16:15:26","modified_gmt":"2026-04-13T16:15:26","slug":"impressum","status":"publish","type":"page","link":"https:\/\/moteco.de\/fr\/impressum\/","title":{"rendered":"Mentions l\u00e9gales"},"content":{"rendered":"<div data-elementor-type=\"wp-page\" data-elementor-id=\"344\" class=\"elementor elementor-344\" data-elementor-post-type=\"page\">\n\t\t\t\t\t\t<section class=\"elementor-section elementor-top-section elementor-element elementor-element-b4e9652 elementor-section-boxed elementor-section-height-default elementor-section-height-default\" data-id=\"b4e9652\" data-element_type=\"section\" data-e-type=\"section\">\n\t\t\t\t\t\t<div class=\"elementor-container elementor-column-gap-default\">\n\t\t\t\t\t<div class=\"elementor-column elementor-col-100 elementor-top-column elementor-element elementor-element-604ba85\" data-id=\"604ba85\" data-element_type=\"column\" data-e-type=\"column\">\n\t\t\t<div class=\"elementor-widget-wrap elementor-element-populated\">\n\t\t\t\t\t\t<div class=\"elementor-element elementor-element-36c5a11 elementor-widget elementor-widget-text-editor\" data-id=\"36c5a11\" data-element_type=\"widget\" data-e-type=\"widget\" data-widget_type=\"text-editor.default\">\n\t\t\t\t<div class=\"elementor-widget-container\">\n\t\t\t\t\t\t\t\t\t<section class=\"content-section tbe-module-section tbe-custom-background-color tbe-custom-background-color-white curve-top\"><div class=\"grid tbe-module-grid\"><div class=\"row\"><div class=\"col desktop-12 tablet-12 phablet-12 phone-12 tbe-module-text-column\" data-columns=\"1\"><h2>MOTECO GmbH<\/h2><\/div><div class=\"col phablet-12 phone-12 desktop-6 tablet-6 tbe-module-text-column tbe-module-marginal-column-right\" data-columns=\"1\"><p>Max-Stromeyer Stra\u00dfe 35<br \/>78467 Konstanz<br \/>Deutschland<\/p><p><strong>Vertreten durch<\/strong><br \/>Andr\u00e9 Grethler (GF)<br \/>Steffen Hornberger (GF)<br \/>Thomas Kiefer (GF)<\/p><p><strong>Contact<\/strong><br \/>Telefon: <a href=\"tel:+49 7531 9218621\">+49 7531 9218621<\/a><br \/>E-Mail: <a href=\"mailto:info@moteco.de\">info@moteco.de<\/a><\/p><p><strong>Registereintrag<\/strong><br \/>Eintragung im Handelsregister<br \/>Registergericht: Amtsgericht Stuttgart<br \/>Registernummer: HRB 770244<\/p><p><strong>Umsatzsteuer-ID<\/strong><br \/>Umsatzsteuer-Identifikationsnummer gem\u00e4\u00df \u00a727 a Umsatzsteuergesetz: DE292998038<\/p><p>MOTECO GmbH est une filiale de G&amp;C Germany GmbH<br \/>L\u00e4rchenweg 4, 72285 Pfalzgrafenweiler.<\/p><\/div><\/div><\/div><\/section><section class=\"content-section tbe-module-section tbe-custom-background-color tbe-custom-background-color-light-gray\"><div class=\"grid tbe-module-grid\"><div class=\"row\"><div class=\"col desktop-12 tablet-12 phablet-12 phone-12 tbe-module-text-column\" data-columns=\"1\"><h2>Haftungsausschluss<\/h2><\/div><div class=\"col phablet-12 phone-12 desktop-10 tablet-11 tbe-module-text-column\" data-columns=\"1\"><h4>Haftung f\u00fcr Inhalte<\/h4><p>Als Diensteanbieter sind wir gem\u00e4\u00df \u00a7 7 Abs.1 TMG f\u00fcr eigene Inhalte auf diesen Seiten nach den allgemeinen Gesetzen verantwortlich. Nach \u00a7\u00a7 8 bis 10 TMG sind wir als Diensteanbieter jedoch nicht verpflichtet, \u00fcbermittelte oder gespeicherte fremde Informationen zu \u00fcberwachen oder nach Umst\u00e4nden zu forschen, die auf eine rechtswidrige T\u00e4tigkeit hinweisen.<\/p><p>Verpflichtungen zur Entfernung oder Sperrung der Nutzung von Informationen nach den allgemeinen Gesetzen bleiben hiervon unber\u00fchrt. Eine diesbez\u00fcgliche Haftung ist jedoch erst ab dem Zeitpunkt der Kenntnis einer konkreten Rechtsverletzung m\u00f6glich. Bei Bekanntwerden von entsprechenden Rechtsverletzungen werden wir diese Inhalte umgehend entfernen.<\/p><h4>Haftung f\u00fcr Links<\/h4><p>Unser Angebot enth\u00e4lt Links zu externen Websites Dritter, auf deren Inhalte wir keinen Einfluss haben. Deshalb k\u00f6nnen wir f\u00fcr diese fremden Inhalte auch keine Gew\u00e4hr \u00fcbernehmen. F\u00fcr die Inhalte der verlinkten Seiten ist stets der jeweilige Anbieter oder Betreiber der Seiten verantwortlich. Die verlinkten Seiten wurden zum Zeitpunkt der Verlinkung auf m\u00f6gliche Rechtsverst\u00f6\u00dfe \u00fcberpr\u00fcft. Rechtswidrige Inhalte waren zum Zeitpunkt der Verlinkung nicht erkennbar.<\/p><p>Eine permanente inhaltliche Kontrolle der verlinkten Seiten ist jedoch ohne konkrete Anhaltspunkte einer Rechtsverletzung nicht zumutbar. Bei Bekanntwerden von Rechtsverletzungen werden wir derartige Links umgehend entfernen.<\/p><h4>Urheberrecht<\/h4><p>Die durch die Seitenbetreiber erstellten Inhalte und Werke auf diesen Seiten unterliegen dem deutschen Urheberrecht. Die Vervielf\u00e4ltigung, Bearbeitung, Verbreitung und jede Art der Verwertung au\u00dferhalb der Grenzen des Urheberrechtes bed\u00fcrfen der schriftlichen Zustimmung des jeweiligen Autors bzw. Erstellers. Downloads und Kopien dieser Seite sind nur f\u00fcr den privaten, nicht kommerziellen Gebrauch gestattet.<\/p><p>Soweit die Inhalte auf dieser Seite nicht vom Betreiber erstellt wurden, werden die Urheberrechte Dritter beachtet. Insbesondere werden Inhalte Dritter als solche gekennzeichnet. Sollten Sie trotzdem auf eine Urheberrechtsverletzung aufmerksam werden, bitten wir um einen entsprechenden Hinweis. Bei Bekanntwerden von Rechtsverletzungen werden wir derartige Inhalte umgehend entfernen.<\/p><\/div><\/div><\/div><\/section>\t\t\t\t\t\t\t\t<\/div>\n\t\t\t\t<\/div>\n\t\t\t\t\t<\/div>\n\t\t<\/div>\n\t\t\t\t\t<\/div>\n\t\t<\/section>\n\t\t\t\t<\/div>","protected":false},"excerpt":{"rendered":"<p>MOTECO GmbH Max-Stromeyer Stra\u00dfe 3578467 KonstanzDeutschland Vertreten durchAndr\u00e9 Grethler (GF)Steffen Hornberger (GF)Thomas Kiefer (GF) KontaktTelefon: +49 7531 9218621E-Mail: info@moteco.de RegistereintragEintragung im HandelsregisterRegistergericht: Amtsgericht StuttgartRegisternummer: HRB 770244 Umsatzsteuer-IDUmsatzsteuer-Identifikationsnummer gem\u00e4\u00df \u00a727 a Umsatzsteuergesetz: DE292998038 MOTECO GmbH ist eine Tochtergesellschaft der G&amp;C Germany GmbH,L\u00e4rchenweg 4, 72285 Pfalzgrafenweiler. Haftungsausschluss Haftung f\u00fcr Inhalte Als Diensteanbieter sind wir gem\u00e4\u00df \u00a7 7 [&hellip;]<\/p>\n","protected":false},"author":2,"featured_media":0,"parent":0,"menu_order":0,"comment_status":"closed","ping_status":"closed","template":"","meta":{"footnotes":""},"class_list":["post-344","page","type-page","status-publish","hentry"],"_links":{"self":[{"href":"https:\/\/moteco.de\/fr\/wp-json\/wp\/v2\/pages\/344","targetHints":{"allow":["GET"]}}],"collection":[{"href":"https:\/\/moteco.de\/fr\/wp-json\/wp\/v2\/pages"}],"about":[{"href":"https:\/\/moteco.de\/fr\/wp-json\/wp\/v2\/types\/page"}],"author":[{"embeddable":true,"href":"https:\/\/moteco.de\/fr\/wp-json\/wp\/v2\/users\/2"}],"replies":[{"embeddable":true,"href":"https:\/\/moteco.de\/fr\/wp-json\/wp\/v2\/comments?post=344"}],"version-history":[{"count":0,"href":"https:\/\/moteco.de\/fr\/wp-json\/wp\/v2\/pages\/344\/revisions"}],"wp:attachment":[{"href":"https:\/\/moteco.de\/fr\/wp-json\/wp\/v2\/media?parent=344"}],"curies":[{"name":"wp","href":"https:\/\/api.w.org\/{rel}","templated":true}]}}