{"id":1525,"date":"2023-07-12T05:58:16","date_gmt":"2023-07-12T05:58:16","guid":{"rendered":"https:\/\/moteco.de\/?page_id=1525"},"modified":"2026-04-16T10:00:41","modified_gmt":"2026-04-16T10:00:41","slug":"mechanische-pruefadapter","status":"publish","type":"page","link":"https:\/\/moteco.de\/fr\/portfolio\/mechanische-pruefadapter\/","title":{"rendered":"Interfaces de test m\u00e9caniques"},"content":{"rendered":"<div data-elementor-type=\"wp-page\" data-elementor-id=\"1525\" class=\"elementor elementor-1525\" data-elementor-post-type=\"page\">\n\t\t\t\t\t\t<section class=\"elementor-section elementor-top-section elementor-element elementor-element-f59c1a1 elementor-section-boxed elementor-section-height-default elementor-section-height-default\" data-id=\"f59c1a1\" data-element_type=\"section\" data-e-type=\"section\" data-settings=\"{&quot;background_background&quot;:&quot;classic&quot;}\">\n\t\t\t\t\t\t\t<div class=\"elementor-background-overlay\"><\/div>\n\t\t\t\t\t\t\t<div class=\"elementor-container elementor-column-gap-default\">\n\t\t\t\t\t<div class=\"elementor-column elementor-col-100 elementor-top-column elementor-element elementor-element-3cbe309 bdt-backdrop-filter-yes bdt-filter-backdrop\" data-id=\"3cbe309\" data-element_type=\"column\" data-e-type=\"column\" data-settings=\"{&quot;background_background&quot;:&quot;classic&quot;}\">\n\t\t\t<div class=\"elementor-widget-wrap elementor-element-populated\">\n\t\t\t\t\t\t<div class=\"elementor-element elementor-element-23d7c7d elementor-widget-mobile__width-inherit elementor-invisible elementor-widget elementor-widget-heading\" data-id=\"23d7c7d\" data-element_type=\"widget\" data-e-type=\"widget\" data-settings=\"{&quot;_animation&quot;:&quot;fadeInUp&quot;}\" data-widget_type=\"heading.default\">\n\t\t\t\t<div class=\"elementor-widget-container\">\n\t\t\t\t\t<h1 class=\"elementor-heading-title elementor-size-default\">Bancs de test m\u00e9caniques pour ICT &amp; tests fonctionnels<\/h1>\t\t\t\t<\/div>\n\t\t\t\t<\/div>\n\t\t\t\t\t<\/div>\n\t\t<\/div>\n\t\t\t\t\t<\/div>\n\t\t<\/section>\n\t\t\t\t<section class=\"elementor-section elementor-top-section elementor-element elementor-element-a4c75e7 elementor-section-boxed elementor-section-height-default elementor-section-height-default\" data-id=\"a4c75e7\" data-element_type=\"section\" data-e-type=\"section\">\n\t\t\t\t\t\t\t<div class=\"elementor-background-overlay\"><\/div>\n\t\t\t\t\t\t\t<div class=\"elementor-container elementor-column-gap-default\">\n\t\t\t\t\t<div class=\"elementor-column elementor-col-100 elementor-top-column elementor-element elementor-element-64ea05a\" data-id=\"64ea05a\" data-element_type=\"column\" data-e-type=\"column\">\n\t\t\t<div class=\"elementor-widget-wrap elementor-element-populated\">\n\t\t\t\t\t\t<div class=\"elementor-element elementor-element-4bd09f1 elementor-widget elementor-widget-spacer\" data-id=\"4bd09f1\" data-element_type=\"widget\" data-e-type=\"widget\" data-widget_type=\"spacer.default\">\n\t\t\t\t<div class=\"elementor-widget-container\">\n\t\t\t\t\t\t\t<div class=\"elementor-spacer\">\n\t\t\t<div class=\"elementor-spacer-inner\"><\/div>\n\t\t<\/div>\n\t\t\t\t\t\t<\/div>\n\t\t\t\t<\/div>\n\t\t\t\t\t<\/div>\n\t\t<\/div>\n\t\t\t\t\t<\/div>\n\t\t<\/section>\n\t\t\t\t<section class=\"elementor-section elementor-top-section elementor-element elementor-element-ce2730a elementor-section-boxed elementor-section-height-default elementor-section-height-default\" data-id=\"ce2730a\" data-element_type=\"section\" data-e-type=\"section\">\n\t\t\t\t\t\t<div class=\"elementor-container elementor-column-gap-default\">\n\t\t\t\t\t<div class=\"elementor-column elementor-col-50 elementor-top-column elementor-element elementor-element-67dc1d0\" data-id=\"67dc1d0\" data-element_type=\"column\" data-e-type=\"column\">\n\t\t\t<div class=\"elementor-widget-wrap elementor-element-populated\">\n\t\t\t\t\t\t<div class=\"elementor-element elementor-element-53b39ed elementor-widget elementor-widget-text-editor\" data-id=\"53b39ed\" data-element_type=\"widget\" data-e-type=\"widget\" data-widget_type=\"text-editor.default\">\n\t\t\t\t<div class=\"elementor-widget-container\">\n\t\t\t\t\t\t\t\t\t<p>Lors du d\u00e9veloppement d'interfaces de test m\u00e9caniques, de nombreux composants doivent \u00eatre assembl\u00e9s.<\/p><p>Composants principaux :<\/p><ul><li>Bo\u00eetier \/ Appareil de base<\/li><li>Unit\u00e9 de commande<\/li><li>Plaque porte-contact<\/li><li>Plaque porte-produit<\/li><li>Plaque de pression<\/li><li>Broches de contact \u00e0 ressort<\/li><li>M\u00e9canismes de d\u00e9marrage<\/li><li>Interfaces<\/li><li>Etc.<\/li><\/ul>\t\t\t\t\t\t\t\t<\/div>\n\t\t\t\t<\/div>\n\t\t\t\t\t<\/div>\n\t\t<\/div>\n\t\t\t\t<div class=\"elementor-column elementor-col-50 elementor-top-column elementor-element elementor-element-5cbc1e4\" data-id=\"5cbc1e4\" data-element_type=\"column\" data-e-type=\"column\">\n\t\t\t<div class=\"elementor-widget-wrap elementor-element-populated\">\n\t\t\t\t\t\t<div class=\"elementor-element elementor-element-6cf319d elementor-widget elementor-widget-image\" data-id=\"6cf319d\" data-element_type=\"widget\" data-e-type=\"widget\" data-widget_type=\"image.default\">\n\t\t\t\t<div class=\"elementor-widget-container\">\n\t\t\t\t\t\t\t\t\t\t\t\t\t\t\t<img fetchpriority=\"high\" decoding=\"async\" width=\"300\" height=\"291\" src=\"https:\/\/moteco.de\/wp-content\/uploads\/2025\/02\/IMG_4155-300x291.jpg\" class=\"attachment-medium size-medium wp-image-2269\" alt=\"Mechanical-test-fixture\" srcset=\"https:\/\/moteco.de\/wp-content\/uploads\/2025\/02\/IMG_4155-300x291.jpg 300w, https:\/\/moteco.de\/wp-content\/uploads\/2025\/02\/IMG_4155-1024x993.jpg 1024w, https:\/\/moteco.de\/wp-content\/uploads\/2025\/02\/IMG_4155-768x745.jpg 768w, https:\/\/moteco.de\/wp-content\/uploads\/2025\/02\/IMG_4155-1536x1490.jpg 1536w, https:\/\/moteco.de\/wp-content\/uploads\/2025\/02\/IMG_4155-2048x1987.jpg 2048w, https:\/\/moteco.de\/wp-content\/uploads\/2025\/02\/IMG_4155-12x12.jpg 12w\" sizes=\"(max-width: 300px) 100vw, 300px\" \/>\t\t\t\t\t\t\t\t\t\t\t\t\t\t\t<\/div>\n\t\t\t\t<\/div>\n\t\t\t\t\t<\/div>\n\t\t<\/div>\n\t\t\t\t\t<\/div>\n\t\t<\/section>\n\t\t\t\t<section class=\"elementor-section elementor-top-section elementor-element elementor-element-0da3b8e elementor-section-boxed elementor-section-height-default elementor-section-height-default\" data-id=\"0da3b8e\" data-element_type=\"section\" data-e-type=\"section\">\n\t\t\t\t\t\t<div class=\"elementor-container elementor-column-gap-default\">\n\t\t\t\t\t<div class=\"elementor-column elementor-col-100 elementor-top-column elementor-element elementor-element-c20e0d8\" data-id=\"c20e0d8\" data-element_type=\"column\" data-e-type=\"column\">\n\t\t\t<div class=\"elementor-widget-wrap elementor-element-populated\">\n\t\t\t\t\t\t<div class=\"elementor-element elementor-element-1c9aeb4 elementor-widget elementor-widget-text-editor\" data-id=\"1c9aeb4\" data-element_type=\"widget\" data-e-type=\"widget\" data-widget_type=\"text-editor.default\">\n\t\t\t\t<div class=\"elementor-widget-container\">\n\t\t\t\t\t\t\t\t\t<p>Toutes ces composants, ainsi que bien d'autres, doivent \u00eatre s\u00e9lectionn\u00e9s et assembl\u00e9s de mani\u00e8re \u00e0 r\u00e9pondre \u00e0 toutes les exigences de l'interface de test.<\/p><p>Notre t\u00e2che est de concevoir et de fabriquer l'adaptateur adapt\u00e9 \u00e0 vos besoins.<\/p><p>MOTECO offre un service complet et sur mesure.<\/p><p>Conseil \/ Coordination \u2192 Conception \u2192 Production \u2192 Test \u2192 Emballage \u2192 Livraison \u2192 Service<\/p>\t\t\t\t\t\t\t\t<\/div>\n\t\t\t\t<\/div>\n\t\t\t\t\t<\/div>\n\t\t<\/div>\n\t\t\t\t\t<\/div>\n\t\t<\/section>\n\t\t\t\t<\/div>","protected":false},"excerpt":{"rendered":"<p>Mechanische Pr\u00fcfadapter f\u00fcr ICT &amp; Funktionstest Beim Ausbau von mechanischen Pr\u00fcfadaptern m\u00fcssen viele einzelnen Komponenten zusammengef\u00fchrt werden. Hauptkomponenten: Geh\u00e4use \/Grundger\u00e4t Antriebseinheit Kontakttr\u00e4gerplatte Produkttr\u00e4gerplatte Andruck-Platte Federkontaktstifte Anfahrmechaniken Schnittstellen Etc. Alle diese Komponenten und noch viele mehr m\u00fcssen so ausgew\u00e4hlt und zusammengestellt werden, dass alle Anforderungen an den Testadapter erf\u00fcllt werden. Unsere Aufgabe ist es den f\u00fcr [&hellip;]<\/p>\n","protected":false},"author":2,"featured_media":0,"parent":1322,"menu_order":0,"comment_status":"closed","ping_status":"closed","template":"","meta":{"footnotes":""},"class_list":["post-1525","page","type-page","status-publish","hentry"],"_links":{"self":[{"href":"https:\/\/moteco.de\/fr\/wp-json\/wp\/v2\/pages\/1525","targetHints":{"allow":["GET"]}}],"collection":[{"href":"https:\/\/moteco.de\/fr\/wp-json\/wp\/v2\/pages"}],"about":[{"href":"https:\/\/moteco.de\/fr\/wp-json\/wp\/v2\/types\/page"}],"author":[{"embeddable":true,"href":"https:\/\/moteco.de\/fr\/wp-json\/wp\/v2\/users\/2"}],"replies":[{"embeddable":true,"href":"https:\/\/moteco.de\/fr\/wp-json\/wp\/v2\/comments?post=1525"}],"version-history":[{"count":0,"href":"https:\/\/moteco.de\/fr\/wp-json\/wp\/v2\/pages\/1525\/revisions"}],"up":[{"embeddable":true,"href":"https:\/\/moteco.de\/fr\/wp-json\/wp\/v2\/pages\/1322"}],"wp:attachment":[{"href":"https:\/\/moteco.de\/fr\/wp-json\/wp\/v2\/media?parent=1525"}],"curies":[{"name":"wp","href":"https:\/\/api.w.org\/{rel}","templated":true}]}}