{"id":1292,"date":"2023-03-24T11:26:35","date_gmt":"2023-03-24T11:26:35","guid":{"rendered":"https:\/\/moteco.de\/?page_id=1292"},"modified":"2025-05-21T11:10:17","modified_gmt":"2025-05-21T11:10:17","slug":"stellenangebote","status":"publish","type":"page","link":"https:\/\/moteco.de\/fr\/neuigkeiten\/stellenangebote\/","title":{"rendered":"Offres d'emploi"},"content":{"rendered":"<div data-elementor-type=\"wp-page\" data-elementor-id=\"1292\" class=\"elementor elementor-1292\" data-elementor-post-type=\"page\">\n\t\t\t\t\t\t<section class=\"elementor-section elementor-top-section elementor-element elementor-element-52bd0bf elementor-section-boxed elementor-section-height-default elementor-section-height-default\" data-id=\"52bd0bf\" data-element_type=\"section\" data-e-type=\"section\" data-settings=\"{&quot;background_background&quot;:&quot;classic&quot;}\">\n\t\t\t\t\t\t\t<div class=\"elementor-background-overlay\"><\/div>\n\t\t\t\t\t\t\t<div class=\"elementor-container elementor-column-gap-default\">\n\t\t\t\t\t<div class=\"elementor-column elementor-col-100 elementor-top-column elementor-element elementor-element-49d0bd2\" data-id=\"49d0bd2\" data-element_type=\"column\" data-e-type=\"column\">\n\t\t\t<div class=\"elementor-widget-wrap elementor-element-populated\">\n\t\t\t\t\t\t<div class=\"elementor-element elementor-element-51b5969 elementor-widget-mobile__width-inherit elementor-invisible elementor-widget elementor-widget-heading\" data-id=\"51b5969\" data-element_type=\"widget\" data-e-type=\"widget\" data-settings=\"{&quot;_animation&quot;:&quot;fadeInUp&quot;}\" data-widget_type=\"heading.default\">\n\t\t\t\t<div class=\"elementor-widget-container\">\n\t\t\t\t\t<h1 class=\"elementor-heading-title elementor-size-default\">Offres d'emploi<\/h1>\t\t\t\t<\/div>\n\t\t\t\t<\/div>\n\t\t\t\t\t<\/div>\n\t\t<\/div>\n\t\t\t\t\t<\/div>\n\t\t<\/section>\n\t\t\t\t<section class=\"elementor-section elementor-top-section elementor-element elementor-element-fe7b7c1 elementor-section-boxed elementor-section-height-default elementor-section-height-default\" data-id=\"fe7b7c1\" data-element_type=\"section\" data-e-type=\"section\" data-settings=\"{&quot;background_background&quot;:&quot;classic&quot;}\">\n\t\t\t\t\t\t<div class=\"elementor-container elementor-column-gap-default\">\n\t\t\t\t\t<div class=\"elementor-column elementor-col-100 elementor-top-column elementor-element elementor-element-3301c418\" data-id=\"3301c418\" data-element_type=\"column\" data-e-type=\"column\">\n\t\t\t<div class=\"elementor-widget-wrap elementor-element-populated\">\n\t\t\t\t\t\t<section class=\"elementor-section elementor-inner-section elementor-element elementor-element-13904e5 elementor-section-boxed elementor-section-height-default elementor-section-height-default\" data-id=\"13904e5\" data-element_type=\"section\" data-e-type=\"section\">\n\t\t\t\t\t\t<div class=\"elementor-container elementor-column-gap-default\">\n\t\t\t\t\t<div class=\"elementor-column elementor-col-50 elementor-inner-column elementor-element elementor-element-736088c\" data-id=\"736088c\" data-element_type=\"column\" data-e-type=\"column\">\n\t\t\t<div class=\"elementor-widget-wrap elementor-element-populated\">\n\t\t\t\t\t\t<div class=\"elementor-element elementor-element-673c13e elementor-widget elementor-widget-heading\" data-id=\"673c13e\" data-element_type=\"widget\" data-e-type=\"widget\" data-widget_type=\"heading.default\">\n\t\t\t\t<div class=\"elementor-widget-container\">\n\t\t\t\t\t<h2 class=\"elementor-heading-title elementor-size-default\">Travailler l\u00e0 o\u00f9 les autres partent en vacances!<\/h2>\t\t\t\t<\/div>\n\t\t\t\t<\/div>\n\t\t\t\t<div class=\"elementor-element elementor-element-684a150 elementor-widget elementor-widget-text-editor\" data-id=\"684a150\" data-element_type=\"widget\" data-e-type=\"widget\" data-widget_type=\"text-editor.default\">\n\t\t\t\t<div class=\"elementor-widget-container\">\n\t\t\t\t\t\t\t\t\t<p>Notre si\u00e8ge est situ\u00e9 \u00e0 Constance, au bord du lac de Constance \u2013 le berceau de l'inventivit\u00e9, de la pr\u00e9cision et de la qualit\u00e9.<\/p><p>Voulez-vous faire partie d'une \u00e9quipe motiv\u00e9e au sein d'une entreprise moderne et dynamique, o\u00f9 chaque individu est au centre des pr\u00e9occupations ? Souhaitez-vous mettre \u00e0 profit vos qualifications et votre motivation, tout en vous d\u00e9veloppant dans un march\u00e9 passionnant et ax\u00e9 sur le client ?<\/p><p class=\"translation-block\">Alors, n'h\u00e9sitez pas \u00e0 nous contacter !  <br>\nVous pouvez nous joindre \u00e0 l'adresse suivante : <a href=\"mailto:info@moteco.de\" target=\"_self\">info@moteco.de<\/a><\/p><p>Nous avons h\u00e2te de vous rencontrer.<\/p>\t\t\t\t\t\t\t\t<\/div>\n\t\t\t\t<\/div>\n\t\t\t\t\t<\/div>\n\t\t<\/div>\n\t\t\t\t<div class=\"elementor-column elementor-col-50 elementor-inner-column elementor-element elementor-element-f60864e\" data-id=\"f60864e\" data-element_type=\"column\" data-e-type=\"column\">\n\t\t\t<div class=\"elementor-widget-wrap elementor-element-populated\">\n\t\t\t\t\t\t<div class=\"elementor-element elementor-element-3c67618 elementor-widget elementor-widget-image\" data-id=\"3c67618\" data-element_type=\"widget\" data-e-type=\"widget\" data-widget_type=\"image.default\">\n\t\t\t\t<div class=\"elementor-widget-container\">\n\t\t\t\t\t\t\t\t\t\t\t\t\t\t\t<img fetchpriority=\"high\" decoding=\"async\" width=\"800\" height=\"476\" src=\"https:\/\/moteco.de\/wp-content\/uploads\/2023\/03\/Bodensee_Web-1024x609.jpg\" class=\"attachment-large size-large wp-image-1315\" alt=\"Bodensee-moteco\" srcset=\"https:\/\/moteco.de\/wp-content\/uploads\/2023\/03\/Bodensee_Web-1024x609.jpg 1024w, https:\/\/moteco.de\/wp-content\/uploads\/2023\/03\/Bodensee_Web-300x178.jpg 300w, https:\/\/moteco.de\/wp-content\/uploads\/2023\/03\/Bodensee_Web-768x457.jpg 768w, https:\/\/moteco.de\/wp-content\/uploads\/2023\/03\/Bodensee_Web-1536x914.jpg 1536w, https:\/\/moteco.de\/wp-content\/uploads\/2023\/03\/Bodensee_Web-18x12.jpg 18w, https:\/\/moteco.de\/wp-content\/uploads\/2023\/03\/Bodensee_Web.jpg 1920w\" sizes=\"(max-width: 800px) 100vw, 800px\" \/>\t\t\t\t\t\t\t\t\t\t\t\t\t\t\t<\/div>\n\t\t\t\t<\/div>\n\t\t\t\t\t<\/div>\n\t\t<\/div>\n\t\t\t\t\t<\/div>\n\t\t<\/section>\n\t\t\t\t\t<\/div>\n\t\t<\/div>\n\t\t\t\t\t<\/div>\n\t\t<\/section>\n\t\t\t\t<\/div>","protected":false},"excerpt":{"rendered":"<p>Stellenangebote Arbeiten wo andere Urlaub machen! Unser Standort ist in Konstanz am Bodensee \u2013 der Heimat von Erfindungsgeist, Pr\u00e4zision und Qualit\u00e4t. M\u00f6chten Sie Teil eines motivierten Teams in einem modernen und dynamischen\u00a0Unternehmen werden, wo der einzelne Mensch noch im Mittelpunkt steht?\u00a0M\u00f6chten Sie Ihre Qualifikation und Motivation einbringen und sich in einem\u00a0hochinteressanten und kundenorientierten Markt weiterentwickeln? [&hellip;]<\/p>\n","protected":false},"author":2,"featured_media":0,"parent":1236,"menu_order":3,"comment_status":"closed","ping_status":"closed","template":"","meta":{"footnotes":""},"class_list":["post-1292","page","type-page","status-publish","hentry"],"_links":{"self":[{"href":"https:\/\/moteco.de\/fr\/wp-json\/wp\/v2\/pages\/1292","targetHints":{"allow":["GET"]}}],"collection":[{"href":"https:\/\/moteco.de\/fr\/wp-json\/wp\/v2\/pages"}],"about":[{"href":"https:\/\/moteco.de\/fr\/wp-json\/wp\/v2\/types\/page"}],"author":[{"embeddable":true,"href":"https:\/\/moteco.de\/fr\/wp-json\/wp\/v2\/users\/2"}],"replies":[{"embeddable":true,"href":"https:\/\/moteco.de\/fr\/wp-json\/wp\/v2\/comments?post=1292"}],"version-history":[{"count":0,"href":"https:\/\/moteco.de\/fr\/wp-json\/wp\/v2\/pages\/1292\/revisions"}],"up":[{"embeddable":true,"href":"https:\/\/moteco.de\/fr\/wp-json\/wp\/v2\/pages\/1236"}],"wp:attachment":[{"href":"https:\/\/moteco.de\/fr\/wp-json\/wp\/v2\/media?parent=1292"}],"curies":[{"name":"wp","href":"https:\/\/api.w.org\/{rel}","templated":true}]}}