{"id":2866,"date":"2026-04-17T08:46:48","date_gmt":"2026-04-17T08:46:48","guid":{"rendered":"https:\/\/moteco.de\/?page_id=2866"},"modified":"2026-04-17T12:21:10","modified_gmt":"2026-04-17T12:21:10","slug":"ingun-pruefadapter","status":"publish","type":"page","link":"https:\/\/moteco.de\/en\/ingun-pruefadapter\/","title":{"rendered":"INGUN Test Adapters"},"content":{"rendered":"<div data-elementor-type=\"wp-page\" data-elementor-id=\"2866\" class=\"elementor elementor-2866\" data-elementor-post-type=\"page\">\n\t\t\t\t\t\t<section class=\"elementor-section elementor-top-section elementor-element elementor-element-aec1fe8 elementor-section-boxed elementor-section-height-default elementor-section-height-default\" data-id=\"aec1fe8\" data-element_type=\"section\" data-e-type=\"section\" data-settings=\"{&quot;background_background&quot;:&quot;classic&quot;}\">\n\t\t\t\t\t\t\t<div class=\"elementor-background-overlay\"><\/div>\n\t\t\t\t\t\t\t<div class=\"elementor-container elementor-column-gap-default\">\n\t\t\t\t\t<div class=\"elementor-column elementor-col-100 elementor-top-column elementor-element elementor-element-f819cab\" data-id=\"f819cab\" data-element_type=\"column\" data-e-type=\"column\">\n\t\t\t<div class=\"elementor-widget-wrap elementor-element-populated\">\n\t\t\t\t\t\t<div class=\"elementor-element elementor-element-1103a88 elementor-widget-mobile__width-inherit elementor-invisible elementor-widget elementor-widget-heading\" data-id=\"1103a88\" data-element_type=\"widget\" data-e-type=\"widget\" data-settings=\"{&quot;_animation&quot;:&quot;fadeInUp&quot;}\" data-widget_type=\"heading.default\">\n\t\t\t\t<div class=\"elementor-widget-container\">\n\t\t\t\t\t<h1 class=\"elementor-heading-title elementor-size-default\">INGUN Test Adapters \u2013 Expertise from the Source<\/h1>\t\t\t\t<\/div>\n\t\t\t\t<\/div>\n\t\t\t\t\t<\/div>\n\t\t<\/div>\n\t\t\t\t\t<\/div>\n\t\t<\/section>\n\t\t\t\t<section class=\"elementor-section elementor-top-section elementor-element elementor-element-d20aed3 elementor-section-boxed elementor-section-height-default elementor-section-height-default\" data-id=\"d20aed3\" data-element_type=\"section\" data-e-type=\"section\">\n\t\t\t\t\t\t<div class=\"elementor-container elementor-column-gap-default\">\n\t\t\t\t\t<div class=\"elementor-column elementor-col-100 elementor-top-column elementor-element elementor-element-878a744\" data-id=\"878a744\" data-element_type=\"column\" data-e-type=\"column\">\n\t\t\t<div class=\"elementor-widget-wrap elementor-element-populated\">\n\t\t\t\t\t\t<div class=\"elementor-element elementor-element-5b22d2d elementor-widget elementor-widget-text-editor\" data-id=\"5b22d2d\" data-element_type=\"widget\" data-e-type=\"widget\" data-widget_type=\"text-editor.default\">\n\t\t\t\t<div class=\"elementor-widget-container\">\n\t\t\t\t\t\t\t\t\t<p class=\"translation-block\">MOTECO GmbH is the direct successor to the test adapter division of INGUN Pr\u00fcfmittelbau GmbH. In March 2021, this business unit \u2014 including all employees, machinery, and over 500 years of combined experience \u2014 was transferred to the newly founded MOTECO GmbH. Anyone looking for test adapters built with INGUN components will find the same expertise, the same team, and the same manufacturing quality at MOTECO.<\/p>\t\t\t\t\t\t\t\t<\/div>\n\t\t\t\t<\/div>\n\t\t\t\t\t<\/div>\n\t\t<\/div>\n\t\t\t\t\t<\/div>\n\t\t<\/section>\n\t\t\t\t<section class=\"elementor-section elementor-top-section elementor-element elementor-element-d8b968e elementor-section-boxed elementor-section-height-default elementor-section-height-default\" data-id=\"d8b968e\" data-element_type=\"section\" data-e-type=\"section\">\n\t\t\t\t\t\t<div class=\"elementor-container elementor-column-gap-default\">\n\t\t\t\t\t<div class=\"elementor-column elementor-col-50 elementor-top-column elementor-element elementor-element-bfc4ba1\" data-id=\"bfc4ba1\" data-element_type=\"column\" data-e-type=\"column\">\n\t\t\t<div class=\"elementor-widget-wrap elementor-element-populated\">\n\t\t\t\t\t\t<div class=\"elementor-element elementor-element-8699059 elementor-widget elementor-widget-heading\" data-id=\"8699059\" data-element_type=\"widget\" data-e-type=\"widget\" data-widget_type=\"heading.default\">\n\t\t\t\t<div class=\"elementor-widget-container\">\n\t\t\t\t\t<h2 class=\"elementor-heading-title elementor-size-default\">INGUN Components in Every Adapter<\/h2>\t\t\t\t<\/div>\n\t\t\t\t<\/div>\n\t\t\t\t<div class=\"elementor-element elementor-element-2cc2e7e elementor-widget elementor-widget-text-editor\" data-id=\"2cc2e7e\" data-element_type=\"widget\" data-e-type=\"widget\" data-widget_type=\"text-editor.default\">\n\t\t\t\t<div class=\"elementor-widget-container\">\n\t\t\t\t\t\t\t\t\t<p>Our test adapters are manufactured using original INGUN components. Decades of working alongside INGUN have given us deep knowledge of the specifications, tolerances, and optimal applications of each component.<\/p><p>Components we use:<\/p><ul><li>Spring contact pins &amp; test probes (various types and strokes)<\/li><li>Receptacles (KS)<\/li><li>Interface blocks<\/li><li>Probe plates<\/li><\/ul>\t\t\t\t\t\t\t\t<\/div>\n\t\t\t\t<\/div>\n\t\t\t\t\t<\/div>\n\t\t<\/div>\n\t\t\t\t<div class=\"elementor-column elementor-col-50 elementor-top-column elementor-element elementor-element-ee3739f\" data-id=\"ee3739f\" data-element_type=\"column\" data-e-type=\"column\">\n\t\t\t<div class=\"elementor-widget-wrap elementor-element-populated\">\n\t\t\t\t\t\t<div class=\"elementor-element elementor-element-c4b5df5 elementor-widget elementor-widget-image\" data-id=\"c4b5df5\" data-element_type=\"widget\" data-e-type=\"widget\" data-widget_type=\"image.default\">\n\t\t\t\t<div class=\"elementor-widget-container\">\n\t\t\t\t\t\t\t\t\t\t\t\t\t\t\t<img fetchpriority=\"high\" decoding=\"async\" width=\"800\" height=\"534\" src=\"https:\/\/moteco.de\/wp-content\/uploads\/2023\/07\/DSC02756-1-1024x683.jpg\" class=\"attachment-large size-large wp-image-1439\" alt=\"cnc-machining\" srcset=\"https:\/\/moteco.de\/wp-content\/uploads\/2023\/07\/DSC02756-1-1024x683.jpg 1024w, https:\/\/moteco.de\/wp-content\/uploads\/2023\/07\/DSC02756-1-300x200.jpg 300w, https:\/\/moteco.de\/wp-content\/uploads\/2023\/07\/DSC02756-1-768x512.jpg 768w, https:\/\/moteco.de\/wp-content\/uploads\/2023\/07\/DSC02756-1-1536x1024.jpg 1536w, https:\/\/moteco.de\/wp-content\/uploads\/2023\/07\/DSC02756-1-2048x1365.jpg 2048w, https:\/\/moteco.de\/wp-content\/uploads\/2023\/07\/DSC02756-1-18x12.jpg 18w\" sizes=\"(max-width: 800px) 100vw, 800px\" \/>\t\t\t\t\t\t\t\t\t\t\t\t\t\t\t<\/div>\n\t\t\t\t<\/div>\n\t\t\t\t\t<\/div>\n\t\t<\/div>\n\t\t\t\t\t<\/div>\n\t\t<\/section>\n\t\t\t\t<section class=\"elementor-section elementor-top-section elementor-element elementor-element-262b755 elementor-section-boxed elementor-section-height-default elementor-section-height-default\" data-id=\"262b755\" data-element_type=\"section\" data-e-type=\"section\">\n\t\t\t\t\t\t<div class=\"elementor-container elementor-column-gap-default\">\n\t\t\t\t\t<div class=\"elementor-column elementor-col-50 elementor-top-column elementor-element elementor-element-21ca74e\" data-id=\"21ca74e\" data-element_type=\"column\" data-e-type=\"column\">\n\t\t\t<div class=\"elementor-widget-wrap elementor-element-populated\">\n\t\t\t\t\t\t<div class=\"elementor-element elementor-element-a1cced4 elementor-widget elementor-widget-heading\" data-id=\"a1cced4\" data-element_type=\"widget\" data-e-type=\"widget\" data-widget_type=\"heading.default\">\n\t\t\t\t<div class=\"elementor-widget-container\">\n\t\t\t\t\t<h2 class=\"elementor-heading-title elementor-size-default\">Our Test Adapters<\/h2>\t\t\t\t<\/div>\n\t\t\t\t<\/div>\n\t\t\t\t<div class=\"elementor-element elementor-element-28360b5 elementor-widget elementor-widget-text-editor\" data-id=\"28360b5\" data-element_type=\"widget\" data-e-type=\"widget\" data-widget_type=\"text-editor.default\">\n\t\t\t\t<div class=\"elementor-widget-container\">\n\t\t\t\t\t\t\t\t\t<p>We manufacture test adapters for all common test systems \u2014 manual, pneumatic, vacuum-based, and for high-frequency applications:<\/p><ol><li><a href=\"https:\/\/moteco.de\/en\/portfolio\/mechanische-pruefadapter\/\">Mechanical test fixtures<\/a><\/li><li><a href=\"https:\/\/moteco.de\/en\/portfolio\/vakuum-prufadapter\/\">Vacuum test adapter<\/a><\/li><li><a href=\"https:\/\/moteco.de\/en\/portfolio\/hf-adapter\/\">RF Test Adapters<\/a><\/li><li><a href=\"https:\/\/moteco.de\/en\/portfolio\/inline-systeme\/\">Inline Test Adapters<\/a><\/li><li><a href=\"https:\/\/moteco.de\/en\/portfolio\/sonderloesungen\/\">Custom Test Adapters<\/a><\/li><\/ol>\t\t\t\t\t\t\t\t<\/div>\n\t\t\t\t<\/div>\n\t\t\t\t\t<\/div>\n\t\t<\/div>\n\t\t\t\t<div class=\"elementor-column elementor-col-50 elementor-top-column elementor-element elementor-element-c97aa48\" data-id=\"c97aa48\" data-element_type=\"column\" data-e-type=\"column\">\n\t\t\t<div class=\"elementor-widget-wrap elementor-element-populated\">\n\t\t\t\t\t\t<div class=\"elementor-element elementor-element-fc780e3 elementor-widget elementor-widget-image\" data-id=\"fc780e3\" data-element_type=\"widget\" data-e-type=\"widget\" data-widget_type=\"image.default\">\n\t\t\t\t<div class=\"elementor-widget-container\">\n\t\t\t\t\t\t\t\t\t\t\t\t\t\t\t<img decoding=\"async\" width=\"800\" height=\"600\" src=\"https:\/\/moteco.de\/wp-content\/uploads\/2023\/04\/hfadapter-1024x768.jpg\" class=\"attachment-large size-large wp-image-1325\" alt=\"test-adapter\" srcset=\"https:\/\/moteco.de\/wp-content\/uploads\/2023\/04\/hfadapter-1024x768.jpg 1024w, https:\/\/moteco.de\/wp-content\/uploads\/2023\/04\/hfadapter-300x225.jpg 300w, https:\/\/moteco.de\/wp-content\/uploads\/2023\/04\/hfadapter-768x576.jpg 768w, https:\/\/moteco.de\/wp-content\/uploads\/2023\/04\/hfadapter-1536x1152.jpg 1536w, https:\/\/moteco.de\/wp-content\/uploads\/2023\/04\/hfadapter-2048x1536.jpg 2048w, https:\/\/moteco.de\/wp-content\/uploads\/2023\/04\/hfadapter-16x12.jpg 16w\" sizes=\"(max-width: 800px) 100vw, 800px\" \/>\t\t\t\t\t\t\t\t\t\t\t\t\t\t\t<\/div>\n\t\t\t\t<\/div>\n\t\t\t\t\t<\/div>\n\t\t<\/div>\n\t\t\t\t\t<\/div>\n\t\t<\/section>\n\t\t\t\t<section class=\"elementor-section elementor-top-section elementor-element elementor-element-fb69e79 elementor-section-boxed elementor-section-height-default elementor-section-height-default\" data-id=\"fb69e79\" data-element_type=\"section\" data-e-type=\"section\">\n\t\t\t\t\t\t<div class=\"elementor-container elementor-column-gap-default\">\n\t\t\t\t\t<div class=\"elementor-column elementor-col-100 elementor-top-column elementor-element elementor-element-abb66c1\" data-id=\"abb66c1\" data-element_type=\"column\" data-e-type=\"column\">\n\t\t\t<div class=\"elementor-widget-wrap elementor-element-populated\">\n\t\t\t\t\t\t<div class=\"elementor-element elementor-element-2f3e3aa elementor-widget elementor-widget-heading\" data-id=\"2f3e3aa\" data-element_type=\"widget\" data-e-type=\"widget\" data-widget_type=\"heading.default\">\n\t\t\t\t<div class=\"elementor-widget-container\">\n\t\t\t\t\t<h2 class=\"elementor-heading-title elementor-size-default\">Why MOTECO?<\/h2>\t\t\t\t<\/div>\n\t\t\t\t<\/div>\n\t\t\t\t<div class=\"elementor-element elementor-element-1bba783 elementor-widget elementor-widget-text-editor\" data-id=\"1bba783\" data-element_type=\"widget\" data-e-type=\"widget\" data-widget_type=\"text-editor.default\">\n\t\t\t\t<div class=\"elementor-widget-container\">\n\t\t\t\t\t\t\t\t\t<p class=\"translation-block\">- Direct successor to INGUN's test adapter division<br>- Over 50 years of test adapter manufacturing experience<br>- ISO 9001:2015 certified<br>- 350+ customers across 30+ countries in Europe<br>- Custom manufacturing to your specifications<\/p>\t\t\t\t\t\t\t\t<\/div>\n\t\t\t\t<\/div>\n\t\t\t\t\t<\/div>\n\t\t<\/div>\n\t\t\t\t\t<\/div>\n\t\t<\/section>\n\t\t\t\t<section class=\"elementor-section elementor-top-section elementor-element elementor-element-c62100e elementor-section-boxed elementor-section-height-default elementor-section-height-default\" data-id=\"c62100e\" data-element_type=\"section\" data-e-type=\"section\">\n\t\t\t\t\t\t<div class=\"elementor-container elementor-column-gap-default\">\n\t\t\t\t\t<div class=\"elementor-column elementor-col-50 elementor-top-column elementor-element elementor-element-5ff0706\" data-id=\"5ff0706\" data-element_type=\"column\" data-e-type=\"column\">\n\t\t\t<div class=\"elementor-widget-wrap elementor-element-populated\">\n\t\t\t\t\t\t<div class=\"elementor-element elementor-element-1d42090 elementor-widget elementor-widget-heading\" data-id=\"1d42090\" data-element_type=\"widget\" data-e-type=\"widget\" data-widget_type=\"heading.default\">\n\t\t\t\t<div class=\"elementor-widget-container\">\n\t\t\t\t\t<h2 class=\"elementor-heading-title elementor-size-default\">Request a Quote<\/h2>\t\t\t\t<\/div>\n\t\t\t\t<\/div>\n\t\t\t\t<div class=\"elementor-element elementor-element-7d3d427 elementor-widget elementor-widget-text-editor\" data-id=\"7d3d427\" data-element_type=\"widget\" data-e-type=\"widget\" data-widget_type=\"text-editor.default\">\n\t\t\t\t<div class=\"elementor-widget-container\">\n\t\t\t\t\t\t\t\t\t<p class=\"translation-block\">Looking for a test adapter built with INGUN components, or a replacement for existing INGUN adapters?<br>Get in touch \u2014 we'll advise you personally and without obligation.<\/p>\t\t\t\t\t\t\t\t<\/div>\n\t\t\t\t<\/div>\n\t\t\t\t\t<\/div>\n\t\t<\/div>\n\t\t\t\t<div class=\"elementor-column elementor-col-50 elementor-top-column elementor-element elementor-element-433b420\" data-id=\"433b420\" data-element_type=\"column\" data-e-type=\"column\">\n\t\t\t<div class=\"elementor-widget-wrap elementor-element-populated\">\n\t\t\t\t\t\t<div class=\"elementor-element elementor-element-4600ab6 elementor-widget elementor-widget-button\" data-id=\"4600ab6\" data-element_type=\"widget\" data-e-type=\"widget\" data-widget_type=\"button.default\">\n\t\t\t\t<div class=\"elementor-widget-container\">\n\t\t\t\t\t\t\t\t\t<div class=\"elementor-button-wrapper\">\n\t\t\t\t\t<a class=\"elementor-button elementor-button-link elementor-size-sm\" href=\"https:\/\/moteco.de\/en\/kontakt\/\">\n\t\t\t\t\t\t<span class=\"elementor-button-content-wrapper\">\n\t\t\t\t\t\t\t\t\t<span class=\"elementor-button-text\">Get in touch<\/span>\n\t\t\t\t\t<\/span>\n\t\t\t\t\t<\/a>\n\t\t\t\t<\/div>\n\t\t\t\t\t\t\t\t<\/div>\n\t\t\t\t<\/div>\n\t\t\t\t\t<\/div>\n\t\t<\/div>\n\t\t\t\t\t<\/div>\n\t\t<\/section>\n\t\t\t\t<\/div>","protected":false},"excerpt":{"rendered":"<p>INGUN Pr\u00fcfadapter \u2013 Kompetenz aus der Quelle MOTECO GmbH ist der direkte Nachfolger der Pr\u00fcfadaptersparte von INGUN Pr\u00fcfmittelbau GmbH. Im M\u00e4rz 2021 wurde dieser Gesch\u00e4ftsbereich \u2013 mit allen Mitarbeitern, Maschinen und \u00fcber 500 Jahren geb\u00fcndelter Erfahrung \u2013 in die neu gegr\u00fcndete MOTECO GmbH \u00fcberf\u00fchrt. Wer heute einen Pr\u00fcfadapter mitINGUN-Komponenten sucht, findet bei MOTECO dieselbe Kompetenz, [&hellip;]<\/p>\n","protected":false},"author":4,"featured_media":0,"parent":0,"menu_order":0,"comment_status":"closed","ping_status":"closed","template":"","meta":{"footnotes":""},"class_list":["post-2866","page","type-page","status-publish","hentry"],"_links":{"self":[{"href":"https:\/\/moteco.de\/en\/wp-json\/wp\/v2\/pages\/2866","targetHints":{"allow":["GET"]}}],"collection":[{"href":"https:\/\/moteco.de\/en\/wp-json\/wp\/v2\/pages"}],"about":[{"href":"https:\/\/moteco.de\/en\/wp-json\/wp\/v2\/types\/page"}],"author":[{"embeddable":true,"href":"https:\/\/moteco.de\/en\/wp-json\/wp\/v2\/users\/4"}],"replies":[{"embeddable":true,"href":"https:\/\/moteco.de\/en\/wp-json\/wp\/v2\/comments?post=2866"}],"version-history":[{"count":22,"href":"https:\/\/moteco.de\/en\/wp-json\/wp\/v2\/pages\/2866\/revisions"}],"predecessor-version":[{"id":2902,"href":"https:\/\/moteco.de\/en\/wp-json\/wp\/v2\/pages\/2866\/revisions\/2902"}],"wp:attachment":[{"href":"https:\/\/moteco.de\/en\/wp-json\/wp\/v2\/media?parent=2866"}],"curies":[{"name":"wp","href":"https:\/\/api.w.org\/{rel}","templated":true}]}}