{"id":1347,"date":"2023-04-24T07:55:30","date_gmt":"2023-04-24T07:55:30","guid":{"rendered":"https:\/\/moteco.de\/?page_id=1347"},"modified":"2026-04-13T15:13:32","modified_gmt":"2026-04-13T15:13:32","slug":"inline-systeme","status":"publish","type":"page","link":"https:\/\/moteco.de\/en\/portfolio\/inline-systeme\/","title":{"rendered":"Inline-Systems"},"content":{"rendered":"<div data-elementor-type=\"wp-page\" data-elementor-id=\"1347\" class=\"elementor elementor-1347\" data-elementor-post-type=\"page\">\n\t\t\t\t\t\t<section class=\"elementor-section elementor-top-section elementor-element elementor-element-7c8b3cc elementor-section-boxed elementor-section-height-default elementor-section-height-default\" data-id=\"7c8b3cc\" data-element_type=\"section\" data-e-type=\"section\" data-settings=\"{&quot;background_background&quot;:&quot;classic&quot;}\">\n\t\t\t\t\t\t\t<div class=\"elementor-background-overlay\"><\/div>\n\t\t\t\t\t\t\t<div class=\"elementor-container elementor-column-gap-default\">\n\t\t\t\t\t<div class=\"elementor-column elementor-col-100 elementor-top-column elementor-element elementor-element-94d277e\" data-id=\"94d277e\" data-element_type=\"column\" data-e-type=\"column\">\n\t\t\t<div class=\"elementor-widget-wrap elementor-element-populated\">\n\t\t\t\t\t\t<div class=\"elementor-element elementor-element-9b7466e elementor-invisible elementor-widget elementor-widget-heading\" data-id=\"9b7466e\" data-element_type=\"widget\" data-e-type=\"widget\" data-settings=\"{&quot;_animation&quot;:&quot;fadeInUp&quot;}\" data-widget_type=\"heading.default\">\n\t\t\t\t<div class=\"elementor-widget-container\">\n\t\t\t\t\t<h1 class=\"elementor-heading-title elementor-size-default\">Inline Test Adapters for CRS, Keysight, SPEA &amp; More<\/h1>\t\t\t\t<\/div>\n\t\t\t\t<\/div>\n\t\t\t\t<div class=\"elementor-element elementor-element-a0ee3b5 animated-slow elementor-invisible elementor-widget elementor-widget-heading\" data-id=\"a0ee3b5\" data-element_type=\"widget\" data-e-type=\"widget\" data-settings=\"{&quot;_animation&quot;:&quot;fadeIn&quot;,&quot;_animation_delay&quot;:360}\" data-widget_type=\"heading.default\">\n\t\t\t\t<div class=\"elementor-widget-container\">\n\t\t\t\t\t<h2 class=\"elementor-heading-title elementor-size-default\">for all test systems known in the market<\/h2>\t\t\t\t<\/div>\n\t\t\t\t<\/div>\n\t\t\t\t\t<\/div>\n\t\t<\/div>\n\t\t\t\t\t<\/div>\n\t\t<\/section>\n\t\t\t\t<section class=\"elementor-section elementor-top-section elementor-element elementor-element-0033741 elementor-section-boxed elementor-section-height-default elementor-section-height-default\" data-id=\"0033741\" data-element_type=\"section\" data-e-type=\"section\">\n\t\t\t\t\t\t<div class=\"elementor-container elementor-column-gap-default\">\n\t\t\t\t\t<div class=\"elementor-column elementor-col-66 elementor-top-column elementor-element elementor-element-209d2ad\" data-id=\"209d2ad\" data-element_type=\"column\" data-e-type=\"column\">\n\t\t\t<div class=\"elementor-widget-wrap elementor-element-populated\">\n\t\t\t\t\t\t<div class=\"elementor-element elementor-element-ea9248f elementor-widget elementor-widget-text-editor\" data-id=\"ea9248f\" data-element_type=\"widget\" data-e-type=\"widget\" data-widget_type=\"text-editor.default\">\n\t\t\t\t<div class=\"elementor-widget-container\">\n\t\t\t\t\t\t\t\t\t<p>Inline systems are used when very large quantities have to be tested. The test, whether in-circuit or functional test, takes place in parallel or within the production process.\u00a0<\/p><p>There are a large number of manufacturers for inline systems. The test system must always be adapted to the respective plant type.\u00a0<\/p><p><strong>MOTECO offers the right test adapter for every renowned inline system.<\/strong><\/p>\t\t\t\t\t\t\t\t<\/div>\n\t\t\t\t<\/div>\n\t\t\t\t\t<\/div>\n\t\t<\/div>\n\t\t\t\t<div class=\"elementor-column elementor-col-33 elementor-top-column elementor-element elementor-element-28c3610\" data-id=\"28c3610\" data-element_type=\"column\" data-e-type=\"column\">\n\t\t\t<div class=\"elementor-widget-wrap elementor-element-populated\">\n\t\t\t\t\t\t<div class=\"elementor-element elementor-element-2edce8b elementor-widget elementor-widget-image\" data-id=\"2edce8b\" data-element_type=\"widget\" data-e-type=\"widget\" data-widget_type=\"image.default\">\n\t\t\t\t<div class=\"elementor-widget-container\">\n\t\t\t\t\t\t\t\t\t\t\t\t\t\t\t<img fetchpriority=\"high\" decoding=\"async\" width=\"800\" height=\"534\" src=\"https:\/\/moteco.de\/wp-content\/uploads\/2023\/07\/CRS-IPS19_neues-Design-1-1-1024x683.jpg\" class=\"attachment-large size-large wp-image-1444\" alt=\"inline-test-equipment\" srcset=\"https:\/\/moteco.de\/wp-content\/uploads\/2023\/07\/CRS-IPS19_neues-Design-1-1-1024x683.jpg 1024w, https:\/\/moteco.de\/wp-content\/uploads\/2023\/07\/CRS-IPS19_neues-Design-1-1-300x200.jpg 300w, https:\/\/moteco.de\/wp-content\/uploads\/2023\/07\/CRS-IPS19_neues-Design-1-1-768x512.jpg 768w, https:\/\/moteco.de\/wp-content\/uploads\/2023\/07\/CRS-IPS19_neues-Design-1-1-1536x1024.jpg 1536w, https:\/\/moteco.de\/wp-content\/uploads\/2023\/07\/CRS-IPS19_neues-Design-1-1-2048x1365.jpg 2048w, https:\/\/moteco.de\/wp-content\/uploads\/2023\/07\/CRS-IPS19_neues-Design-1-1-18x12.jpg 18w\" sizes=\"(max-width: 800px) 100vw, 800px\" \/>\t\t\t\t\t\t\t\t\t\t\t\t\t\t\t<\/div>\n\t\t\t\t<\/div>\n\t\t\t\t\t<\/div>\n\t\t<\/div>\n\t\t\t\t\t<\/div>\n\t\t<\/section>\n\t\t\t\t<section class=\"elementor-section elementor-top-section elementor-element elementor-element-c563657 elementor-section-boxed elementor-section-height-default elementor-section-height-default\" data-id=\"c563657\" data-element_type=\"section\" data-e-type=\"section\">\n\t\t\t\t\t\t<div class=\"elementor-container elementor-column-gap-default\">\n\t\t\t\t\t<div class=\"elementor-column elementor-col-66 elementor-top-column elementor-element elementor-element-03df04a\" data-id=\"03df04a\" data-element_type=\"column\" data-e-type=\"column\">\n\t\t\t<div class=\"elementor-widget-wrap elementor-element-populated\">\n\t\t\t\t\t\t<div class=\"elementor-element elementor-element-9f2e9ab elementor-widget elementor-widget-text-editor\" data-id=\"9f2e9ab\" data-element_type=\"widget\" data-e-type=\"widget\" data-widget_type=\"text-editor.default\">\n\t\t\t\t<div class=\"elementor-widget-container\">\n\t\t\t\t\t\t\t\t\t<p>Often, the inline system manufacturers provide the basic kits, as this is the only way to ensure that they are up to date with the system.<\/p><p>The basis for the production of the adapter is the creation of a requirements and functional specification, this is created in close consultation with you and then approved by you.<\/p><p>Our task is to design and manufacture the right adapter for your requirements, even if it is a little more complex.<\/p>\t\t\t\t\t\t\t\t<\/div>\n\t\t\t\t<\/div>\n\t\t\t\t\t<\/div>\n\t\t<\/div>\n\t\t\t\t<div class=\"elementor-column elementor-col-33 elementor-top-column elementor-element elementor-element-bbf3204\" data-id=\"bbf3204\" data-element_type=\"column\" data-e-type=\"column\">\n\t\t\t<div class=\"elementor-widget-wrap elementor-element-populated\">\n\t\t\t\t\t\t<div class=\"elementor-element elementor-element-8b9187d elementor-widget elementor-widget-image\" data-id=\"8b9187d\" data-element_type=\"widget\" data-e-type=\"widget\" data-widget_type=\"image.default\">\n\t\t\t\t<div class=\"elementor-widget-container\">\n\t\t\t\t\t\t\t\t\t\t\t\t\t\t\t<img decoding=\"async\" width=\"800\" height=\"800\" src=\"https:\/\/moteco.de\/wp-content\/uploads\/2023\/07\/3374-Retusche_MOTECO-1-1024x1024.png\" class=\"attachment-large size-large wp-image-1443\" alt=\"vacuum-test-adapter\" srcset=\"https:\/\/moteco.de\/wp-content\/uploads\/2023\/07\/3374-Retusche_MOTECO-1-1024x1024.png 1024w, https:\/\/moteco.de\/wp-content\/uploads\/2023\/07\/3374-Retusche_MOTECO-1-300x300.png 300w, https:\/\/moteco.de\/wp-content\/uploads\/2023\/07\/3374-Retusche_MOTECO-1-150x150.png 150w, https:\/\/moteco.de\/wp-content\/uploads\/2023\/07\/3374-Retusche_MOTECO-1-768x768.png 768w, https:\/\/moteco.de\/wp-content\/uploads\/2023\/07\/3374-Retusche_MOTECO-1-1536x1536.png 1536w, https:\/\/moteco.de\/wp-content\/uploads\/2023\/07\/3374-Retusche_MOTECO-1-2048x2048.png 2048w, https:\/\/moteco.de\/wp-content\/uploads\/2023\/07\/3374-Retusche_MOTECO-1-12x12.png 12w\" sizes=\"(max-width: 800px) 100vw, 800px\" \/>\t\t\t\t\t\t\t\t\t\t\t\t\t\t\t<\/div>\n\t\t\t\t<\/div>\n\t\t\t\t\t<\/div>\n\t\t<\/div>\n\t\t\t\t\t<\/div>\n\t\t<\/section>\n\t\t\t\t<section class=\"elementor-section elementor-top-section elementor-element elementor-element-90fe57a elementor-section-boxed elementor-section-height-default elementor-section-height-default\" data-id=\"90fe57a\" data-element_type=\"section\" data-e-type=\"section\">\n\t\t\t\t\t\t<div class=\"elementor-container elementor-column-gap-default\">\n\t\t\t\t\t<div class=\"elementor-column elementor-col-66 elementor-top-column elementor-element elementor-element-807b9a2\" data-id=\"807b9a2\" data-element_type=\"column\" data-e-type=\"column\">\n\t\t\t<div class=\"elementor-widget-wrap elementor-element-populated\">\n\t\t\t\t\t\t<div class=\"elementor-element elementor-element-bbde395 elementor-widget elementor-widget-text-editor\" data-id=\"bbde395\" data-element_type=\"widget\" data-e-type=\"widget\" data-widget_type=\"text-editor.default\">\n\t\t\t\t<div class=\"elementor-widget-container\">\n\t\t\t\t\t\t\t\t\t<p class=\"translation-block\">F\u00fcr einige Hersteller wurde auch schon <strong>Multifunktions-Adapter<\/strong> hergestellt, bei denen der Inline-Wechselsatz auch in manuellen, mechanischen Adapter eingebaut wird. Dies wird beim Anlaufen der Anlage und f\u00fcr Sondertests sehr von Vorteil.<\/p><p>MOTECO offers 360\u00b0 service for this.<\/p><p>Consulting\/coordination \u2192 Conceptual design \u2192 Production \u2192 Test \u2192 Packaging \u2192 Delivery \u2192 Service<\/p>\t\t\t\t\t\t\t\t<\/div>\n\t\t\t\t<\/div>\n\t\t\t\t\t<\/div>\n\t\t<\/div>\n\t\t\t\t<div class=\"elementor-column elementor-col-33 elementor-top-column elementor-element elementor-element-0a39686\" data-id=\"0a39686\" data-element_type=\"column\" data-e-type=\"column\">\n\t\t\t<div class=\"elementor-widget-wrap elementor-element-populated\">\n\t\t\t\t\t\t<div class=\"elementor-element elementor-element-091837b elementor-widget elementor-widget-image\" data-id=\"091837b\" data-element_type=\"widget\" data-e-type=\"widget\" data-widget_type=\"image.default\">\n\t\t\t\t<div class=\"elementor-widget-container\">\n\t\t\t\t\t\t\t\t\t\t\t\t\t\t\t<img decoding=\"async\" width=\"800\" height=\"600\" src=\"https:\/\/moteco.de\/wp-content\/uploads\/2023\/07\/IMG_0015-1024x768.jpg\" class=\"attachment-large size-large wp-image-1445\" alt=\"test-adapter\" srcset=\"https:\/\/moteco.de\/wp-content\/uploads\/2023\/07\/IMG_0015-1024x768.jpg 1024w, https:\/\/moteco.de\/wp-content\/uploads\/2023\/07\/IMG_0015-300x225.jpg 300w, https:\/\/moteco.de\/wp-content\/uploads\/2023\/07\/IMG_0015-768x576.jpg 768w, https:\/\/moteco.de\/wp-content\/uploads\/2023\/07\/IMG_0015-1536x1152.jpg 1536w, https:\/\/moteco.de\/wp-content\/uploads\/2023\/07\/IMG_0015-2048x1536.jpg 2048w, https:\/\/moteco.de\/wp-content\/uploads\/2023\/07\/IMG_0015-16x12.jpg 16w\" sizes=\"(max-width: 800px) 100vw, 800px\" \/>\t\t\t\t\t\t\t\t\t\t\t\t\t\t\t<\/div>\n\t\t\t\t<\/div>\n\t\t\t\t\t<\/div>\n\t\t<\/div>\n\t\t\t\t\t<\/div>\n\t\t<\/section>\n\t\t\t\t<\/div>","protected":false},"excerpt":{"rendered":"<p>Inline-Pr\u00fcfadapter f\u00fcr CRS, Keysight, SPEA &amp; mehr f\u00fcr alle im Markt bekannten Testsysteme Inline-Systeme kommen zum Einsatz, wenn sehr gro\u00dfe St\u00fcckzahlen getestet werden m\u00fcssen. Der Test, ob in-circuit oder Funktionstest, findet parallel oder innerhalb des Produktionsprozesses statt.\u00a0 Es gibt eine Vielzahl von Herstellern f\u00fcr Inline-Systeme. Das Testsystem muss immer auf den jeweiligen Anlagentyp angepasst werden.\u00a0 [&hellip;]<\/p>\n","protected":false},"author":2,"featured_media":0,"parent":1322,"menu_order":0,"comment_status":"closed","ping_status":"closed","template":"","meta":{"footnotes":""},"class_list":["post-1347","page","type-page","status-publish","hentry"],"_links":{"self":[{"href":"https:\/\/moteco.de\/en\/wp-json\/wp\/v2\/pages\/1347","targetHints":{"allow":["GET"]}}],"collection":[{"href":"https:\/\/moteco.de\/en\/wp-json\/wp\/v2\/pages"}],"about":[{"href":"https:\/\/moteco.de\/en\/wp-json\/wp\/v2\/types\/page"}],"author":[{"embeddable":true,"href":"https:\/\/moteco.de\/en\/wp-json\/wp\/v2\/users\/2"}],"replies":[{"embeddable":true,"href":"https:\/\/moteco.de\/en\/wp-json\/wp\/v2\/comments?post=1347"}],"version-history":[{"count":0,"href":"https:\/\/moteco.de\/en\/wp-json\/wp\/v2\/pages\/1347\/revisions"}],"up":[{"embeddable":true,"href":"https:\/\/moteco.de\/en\/wp-json\/wp\/v2\/pages\/1322"}],"wp:attachment":[{"href":"https:\/\/moteco.de\/en\/wp-json\/wp\/v2\/media?parent=1347"}],"curies":[{"name":"wp","href":"https:\/\/api.w.org\/{rel}","templated":true}]}}