{"id":96,"date":"2022-07-05T08:01:13","date_gmt":"2022-07-05T08:01:13","guid":{"rendered":"https:\/\/moteco.de\/?page_id=96"},"modified":"2026-04-13T14:44:48","modified_gmt":"2026-04-13T14:44:48","slug":"zerspanung","status":"publish","type":"page","link":"http:\/\/moteco.de\/en\/portfolio\/zerspanung\/","title":{"rendered":"CNC machining"},"content":{"rendered":"<div data-elementor-type=\"wp-page\" data-elementor-id=\"96\" class=\"elementor elementor-96\" data-elementor-post-type=\"page\">\n\t\t\t\t\t\t<section class=\"elementor-section elementor-top-section elementor-element elementor-element-7c8b3cc elementor-section-boxed elementor-section-height-default elementor-section-height-default\" data-id=\"7c8b3cc\" data-element_type=\"section\" data-e-type=\"section\" data-settings=\"{&quot;background_background&quot;:&quot;classic&quot;}\">\n\t\t\t\t\t\t\t<div class=\"elementor-background-overlay\"><\/div>\n\t\t\t\t\t\t\t<div class=\"elementor-container elementor-column-gap-default\">\n\t\t\t\t\t<div class=\"elementor-column elementor-col-100 elementor-top-column elementor-element elementor-element-94d277e\" data-id=\"94d277e\" data-element_type=\"column\" data-e-type=\"column\">\n\t\t\t<div class=\"elementor-widget-wrap elementor-element-populated\">\n\t\t\t\t\t\t<div class=\"elementor-element elementor-element-9b7466e elementor-invisible elementor-widget elementor-widget-heading\" data-id=\"9b7466e\" data-element_type=\"widget\" data-e-type=\"widget\" data-settings=\"{&quot;_animation&quot;:&quot;fadeInUp&quot;}\" data-widget_type=\"heading.default\">\n\t\t\t\t<div class=\"elementor-widget-container\">\n\t\t\t\t\t<h1 class=\"elementor-heading-title elementor-size-default\">CNC Machining \u2013 Precision Parts in Aluminium &amp; Plastics<\/h1>\t\t\t\t<\/div>\n\t\t\t\t<\/div>\n\t\t\t\t<div class=\"elementor-element elementor-element-a0ee3b5 animated-slow elementor-invisible elementor-widget elementor-widget-heading\" data-id=\"a0ee3b5\" data-element_type=\"widget\" data-e-type=\"widget\" data-settings=\"{&quot;_animation&quot;:&quot;fadeIn&quot;,&quot;_animation_delay&quot;:360}\" data-widget_type=\"heading.default\">\n\t\t\t\t<div class=\"elementor-widget-container\">\n\t\t\t\t\t<h2 class=\"elementor-heading-title elementor-size-default\">Many years of experience. Certified quality. <\/h2>\t\t\t\t<\/div>\n\t\t\t\t<\/div>\n\t\t\t\t\t<\/div>\n\t\t<\/div>\n\t\t\t\t\t<\/div>\n\t\t<\/section>\n\t\t\t\t<section class=\"elementor-section elementor-top-section elementor-element elementor-element-534bb35 elementor-section-boxed elementor-section-height-default elementor-section-height-default\" data-id=\"534bb35\" data-element_type=\"section\" data-e-type=\"section\" data-settings=\"{&quot;background_background&quot;:&quot;classic&quot;}\">\n\t\t\t\t\t\t<div class=\"elementor-container elementor-column-gap-default\">\n\t\t\t\t\t<div class=\"elementor-column elementor-col-100 elementor-top-column elementor-element elementor-element-b129a6d\" data-id=\"b129a6d\" data-element_type=\"column\" data-e-type=\"column\">\n\t\t\t<div class=\"elementor-widget-wrap elementor-element-populated\">\n\t\t\t\t\t\t<section class=\"elementor-section elementor-inner-section elementor-element elementor-element-9effbc3 elementor-section-boxed elementor-section-height-default elementor-section-height-default\" data-id=\"9effbc3\" data-element_type=\"section\" data-e-type=\"section\">\n\t\t\t\t\t\t<div class=\"elementor-container elementor-column-gap-default\">\n\t\t\t\t\t<div class=\"elementor-column elementor-col-50 elementor-inner-column elementor-element elementor-element-f531f97\" data-id=\"f531f97\" data-element_type=\"column\" data-e-type=\"column\">\n\t\t\t<div class=\"elementor-widget-wrap elementor-element-populated\">\n\t\t\t\t\t\t<div class=\"elementor-element elementor-element-2769a6a elementor-widget elementor-widget-text-editor\" data-id=\"2769a6a\" data-element_type=\"widget\" data-e-type=\"widget\" data-widget_type=\"text-editor.default\">\n\t\t\t\t<div class=\"elementor-widget-container\">\n\t\t\t\t\t\t\t\t\t<p>As a further service, MOTECO offers the production of CNC-manufactured milled and boron parts.<\/p><p>We can produce small series for you in plastic and aluminium.<\/p>\t\t\t\t\t\t\t\t<\/div>\n\t\t\t\t<\/div>\n\t\t\t\t\t<\/div>\n\t\t<\/div>\n\t\t\t\t<div class=\"elementor-column elementor-col-50 elementor-inner-column elementor-element elementor-element-84d0934\" data-id=\"84d0934\" data-element_type=\"column\" data-e-type=\"column\">\n\t\t\t<div class=\"elementor-widget-wrap elementor-element-populated\">\n\t\t\t\t\t\t<div class=\"elementor-element elementor-element-45d1aa2 elementor-widget elementor-widget-image\" data-id=\"45d1aa2\" data-element_type=\"widget\" data-e-type=\"widget\" data-widget_type=\"image.default\">\n\t\t\t\t<div class=\"elementor-widget-container\">\n\t\t\t\t\t\t\t\t\t\t\t\t\t\t\t<img fetchpriority=\"high\" decoding=\"async\" width=\"300\" height=\"200\" src=\"https:\/\/moteco.de\/wp-content\/uploads\/2023\/07\/DSC03376-300x200.jpg\" class=\"attachment-medium size-medium wp-image-1372\" alt=\"cnc-machining\" srcset=\"https:\/\/moteco.de\/wp-content\/uploads\/2023\/07\/DSC03376-300x200.jpg 300w, https:\/\/moteco.de\/wp-content\/uploads\/2023\/07\/DSC03376-1024x683.jpg 1024w, https:\/\/moteco.de\/wp-content\/uploads\/2023\/07\/DSC03376-768x512.jpg 768w, https:\/\/moteco.de\/wp-content\/uploads\/2023\/07\/DSC03376-1536x1024.jpg 1536w, https:\/\/moteco.de\/wp-content\/uploads\/2023\/07\/DSC03376-2048x1365.jpg 2048w, https:\/\/moteco.de\/wp-content\/uploads\/2023\/07\/DSC03376-18x12.jpg 18w\" sizes=\"(max-width: 300px) 100vw, 300px\" \/>\t\t\t\t\t\t\t\t\t\t\t\t\t\t\t<\/div>\n\t\t\t\t<\/div>\n\t\t\t\t\t<\/div>\n\t\t<\/div>\n\t\t\t\t\t<\/div>\n\t\t<\/section>\n\t\t\t\t<section class=\"elementor-section elementor-inner-section elementor-element elementor-element-787a1a7 elementor-section-boxed elementor-section-height-default elementor-section-height-default\" data-id=\"787a1a7\" data-element_type=\"section\" data-e-type=\"section\">\n\t\t\t\t\t\t<div class=\"elementor-container elementor-column-gap-default\">\n\t\t\t\t\t<div class=\"elementor-column elementor-col-50 elementor-inner-column elementor-element elementor-element-ebebb76\" data-id=\"ebebb76\" data-element_type=\"column\" data-e-type=\"column\">\n\t\t\t<div class=\"elementor-widget-wrap elementor-element-populated\">\n\t\t\t\t\t\t<div class=\"elementor-element elementor-element-55b5818 elementor-widget elementor-widget-text-editor\" data-id=\"55b5818\" data-element_type=\"widget\" data-e-type=\"widget\" data-widget_type=\"text-editor.default\">\n\t\t\t\t<div class=\"elementor-widget-container\">\n\t\t\t\t\t\t\t\t\t<p>You send us the design data or send us the part that you need.<\/p><p>We take care of the rest.<\/p>\t\t\t\t\t\t\t\t<\/div>\n\t\t\t\t<\/div>\n\t\t\t\t\t<\/div>\n\t\t<\/div>\n\t\t\t\t<div class=\"elementor-column elementor-col-50 elementor-inner-column elementor-element elementor-element-3038011\" data-id=\"3038011\" data-element_type=\"column\" data-e-type=\"column\">\n\t\t\t<div class=\"elementor-widget-wrap elementor-element-populated\">\n\t\t\t\t\t\t<div class=\"elementor-element elementor-element-c4aea94 elementor-widget elementor-widget-image\" data-id=\"c4aea94\" data-element_type=\"widget\" data-e-type=\"widget\" data-widget_type=\"image.default\">\n\t\t\t\t<div class=\"elementor-widget-container\">\n\t\t\t\t\t\t\t\t\t\t\t\t\t\t\t<img decoding=\"async\" width=\"300\" height=\"200\" src=\"https:\/\/moteco.de\/wp-content\/uploads\/2023\/07\/CNC_Bearbeitung_Web-300x200.jpg\" class=\"attachment-medium size-medium wp-image-1438\" alt=\"cnc-machining\" srcset=\"https:\/\/moteco.de\/wp-content\/uploads\/2023\/07\/CNC_Bearbeitung_Web-300x200.jpg 300w, https:\/\/moteco.de\/wp-content\/uploads\/2023\/07\/CNC_Bearbeitung_Web-1024x683.jpg 1024w, https:\/\/moteco.de\/wp-content\/uploads\/2023\/07\/CNC_Bearbeitung_Web-768x512.jpg 768w, https:\/\/moteco.de\/wp-content\/uploads\/2023\/07\/CNC_Bearbeitung_Web-1536x1025.jpg 1536w, https:\/\/moteco.de\/wp-content\/uploads\/2023\/07\/CNC_Bearbeitung_Web-18x12.jpg 18w, https:\/\/moteco.de\/wp-content\/uploads\/2023\/07\/CNC_Bearbeitung_Web.jpg 1920w\" sizes=\"(max-width: 300px) 100vw, 300px\" \/>\t\t\t\t\t\t\t\t\t\t\t\t\t\t\t<\/div>\n\t\t\t\t<\/div>\n\t\t\t\t\t<\/div>\n\t\t<\/div>\n\t\t\t\t\t<\/div>\n\t\t<\/section>\n\t\t\t\t<section class=\"elementor-section elementor-inner-section elementor-element elementor-element-9907727 elementor-section-boxed elementor-section-height-default elementor-section-height-default\" data-id=\"9907727\" data-element_type=\"section\" data-e-type=\"section\">\n\t\t\t\t\t\t<div class=\"elementor-container elementor-column-gap-default\">\n\t\t\t\t\t<div class=\"elementor-column elementor-col-50 elementor-inner-column elementor-element elementor-element-02fffcb\" data-id=\"02fffcb\" data-element_type=\"column\" data-e-type=\"column\">\n\t\t\t<div class=\"elementor-widget-wrap elementor-element-populated\">\n\t\t\t\t\t\t<div class=\"elementor-element elementor-element-88e7562 elementor-widget elementor-widget-text-editor\" data-id=\"88e7562\" data-element_type=\"widget\" data-e-type=\"widget\" data-widget_type=\"text-editor.default\">\n\t\t\t\t<div class=\"elementor-widget-container\">\n\t\t\t\t\t\t\t\t\t<p>MOTECO offers a 360\u00b0 service for this.<\/p><p>Consultation \/ coordination \u2192 conceptual design \u2192 production \u2192 testing \u2192 packaging \u2192 delivery \u2192 service<\/p>\t\t\t\t\t\t\t\t<\/div>\n\t\t\t\t<\/div>\n\t\t\t\t\t<\/div>\n\t\t<\/div>\n\t\t\t\t<div class=\"elementor-column elementor-col-50 elementor-inner-column elementor-element elementor-element-6fdd31c\" data-id=\"6fdd31c\" data-element_type=\"column\" data-e-type=\"column\">\n\t\t\t<div class=\"elementor-widget-wrap elementor-element-populated\">\n\t\t\t\t\t\t<div class=\"elementor-element elementor-element-1373e3e elementor-widget elementor-widget-image\" data-id=\"1373e3e\" data-element_type=\"widget\" data-e-type=\"widget\" data-widget_type=\"image.default\">\n\t\t\t\t<div class=\"elementor-widget-container\">\n\t\t\t\t\t\t\t\t\t\t\t\t\t\t\t<img decoding=\"async\" width=\"300\" height=\"200\" src=\"https:\/\/moteco.de\/wp-content\/uploads\/2023\/07\/DSC02756-1-300x200.jpg\" class=\"attachment-medium size-medium wp-image-1439\" alt=\"cnc-machining\" srcset=\"https:\/\/moteco.de\/wp-content\/uploads\/2023\/07\/DSC02756-1-300x200.jpg 300w, https:\/\/moteco.de\/wp-content\/uploads\/2023\/07\/DSC02756-1-1024x683.jpg 1024w, https:\/\/moteco.de\/wp-content\/uploads\/2023\/07\/DSC02756-1-768x512.jpg 768w, https:\/\/moteco.de\/wp-content\/uploads\/2023\/07\/DSC02756-1-1536x1024.jpg 1536w, https:\/\/moteco.de\/wp-content\/uploads\/2023\/07\/DSC02756-1-2048x1365.jpg 2048w, https:\/\/moteco.de\/wp-content\/uploads\/2023\/07\/DSC02756-1-18x12.jpg 18w\" sizes=\"(max-width: 300px) 100vw, 300px\" \/>\t\t\t\t\t\t\t\t\t\t\t\t\t\t\t<\/div>\n\t\t\t\t<\/div>\n\t\t\t\t\t<\/div>\n\t\t<\/div>\n\t\t\t\t\t<\/div>\n\t\t<\/section>\n\t\t\t\t\t<\/div>\n\t\t<\/div>\n\t\t\t\t\t<\/div>\n\t\t<\/section>\n\t\t\t\t<\/div>","protected":false},"excerpt":{"rendered":"<p>CNC-Zerspanung \u2013 Pr\u00e4zisionsteile aus Aluminium &amp; Kunststoff Langj\u00e4hrige Erfahrung. Zertifizierte Qualit\u00e4t. Als weitere Dienstleistung bietet MOTECO die Fertigung von CNC gefertigten Fr\u00e4s- und Borteilen an. Wir k\u00f6nnen Kleinserien aus Kunststoff und Aluminium f\u00fcr Sie fertigen. Sie senden uns die Konstruktionsdaten oder schicken uns das Teil, dass Sie ben\u00f6tigen. Wir \u00fcbernehmen den Rest. MOTECO bietet hierf\u00fcr [&hellip;]<\/p>\n","protected":false},"author":2,"featured_media":0,"parent":1322,"menu_order":0,"comment_status":"closed","ping_status":"closed","template":"","meta":{"footnotes":""},"class_list":["post-96","page","type-page","status-publish","hentry"],"_links":{"self":[{"href":"http:\/\/moteco.de\/en\/wp-json\/wp\/v2\/pages\/96","targetHints":{"allow":["GET"]}}],"collection":[{"href":"http:\/\/moteco.de\/en\/wp-json\/wp\/v2\/pages"}],"about":[{"href":"http:\/\/moteco.de\/en\/wp-json\/wp\/v2\/types\/page"}],"author":[{"embeddable":true,"href":"http:\/\/moteco.de\/en\/wp-json\/wp\/v2\/users\/2"}],"replies":[{"embeddable":true,"href":"http:\/\/moteco.de\/en\/wp-json\/wp\/v2\/comments?post=96"}],"version-history":[{"count":0,"href":"http:\/\/moteco.de\/en\/wp-json\/wp\/v2\/pages\/96\/revisions"}],"up":[{"embeddable":true,"href":"http:\/\/moteco.de\/en\/wp-json\/wp\/v2\/pages\/1322"}],"wp:attachment":[{"href":"http:\/\/moteco.de\/en\/wp-json\/wp\/v2\/media?parent=96"}],"curies":[{"name":"wp","href":"https:\/\/api.w.org\/{rel}","templated":true}]}}