{"id":94,"date":"2022-07-05T08:01:00","date_gmt":"2022-07-05T08:01:00","guid":{"rendered":"https:\/\/moteco.de\/?page_id=94"},"modified":"2026-04-16T09:45:26","modified_gmt":"2026-04-16T09:45:26","slug":"vakuum-prufadapter","status":"publish","type":"page","link":"http:\/\/moteco.de\/en\/portfolio\/vakuum-prufadapter\/","title":{"rendered":"Vacuum test fixture"},"content":{"rendered":"<div data-elementor-type=\"wp-page\" data-elementor-id=\"94\" class=\"elementor elementor-94\" data-elementor-post-type=\"page\">\n\t\t\t\t\t\t<section class=\"elementor-section elementor-top-section elementor-element elementor-element-f59c1a1 elementor-section-boxed elementor-section-height-default elementor-section-height-default\" data-id=\"f59c1a1\" data-element_type=\"section\" data-e-type=\"section\" data-settings=\"{&quot;background_background&quot;:&quot;classic&quot;}\">\n\t\t\t\t\t\t\t<div class=\"elementor-background-overlay\"><\/div>\n\t\t\t\t\t\t\t<div class=\"elementor-container elementor-column-gap-default\">\n\t\t\t\t\t<div class=\"elementor-column elementor-col-100 elementor-top-column elementor-element elementor-element-3cbe309\" data-id=\"3cbe309\" data-element_type=\"column\" data-e-type=\"column\">\n\t\t\t<div class=\"elementor-widget-wrap elementor-element-populated\">\n\t\t\t\t\t\t<div class=\"elementor-element elementor-element-23d7c7d elementor-widget-mobile__width-inherit elementor-invisible elementor-widget elementor-widget-heading\" data-id=\"23d7c7d\" data-element_type=\"widget\" data-e-type=\"widget\" data-settings=\"{&quot;_animation&quot;:&quot;fadeInUp&quot;}\" data-widget_type=\"heading.default\">\n\t\t\t\t<div class=\"elementor-widget-container\">\n\t\t\t\t\t<h1 class=\"elementor-heading-title elementor-size-default\">Vacuum Test Fixtures \u2013 Precision &amp; Reliability<\/h1>\t\t\t\t<\/div>\n\t\t\t\t<\/div>\n\t\t\t\t\t<\/div>\n\t\t<\/div>\n\t\t\t\t\t<\/div>\n\t\t<\/section>\n\t\t\t\t<section class=\"elementor-section elementor-top-section elementor-element elementor-element-a4c75e7 elementor-section-boxed elementor-section-height-default elementor-section-height-default\" data-id=\"a4c75e7\" data-element_type=\"section\" data-e-type=\"section\">\n\t\t\t\t\t\t\t<div class=\"elementor-background-overlay\"><\/div>\n\t\t\t\t\t\t\t<div class=\"elementor-container elementor-column-gap-default\">\n\t\t\t\t\t<div class=\"elementor-column elementor-col-100 elementor-top-column elementor-element elementor-element-64ea05a\" data-id=\"64ea05a\" data-element_type=\"column\" data-e-type=\"column\">\n\t\t\t<div class=\"elementor-widget-wrap elementor-element-populated\">\n\t\t\t\t\t\t<div class=\"elementor-element elementor-element-4bd09f1 elementor-widget elementor-widget-spacer\" data-id=\"4bd09f1\" data-element_type=\"widget\" data-e-type=\"widget\" data-widget_type=\"spacer.default\">\n\t\t\t\t<div class=\"elementor-widget-container\">\n\t\t\t\t\t\t\t<div class=\"elementor-spacer\">\n\t\t\t<div class=\"elementor-spacer-inner\"><\/div>\n\t\t<\/div>\n\t\t\t\t\t\t<\/div>\n\t\t\t\t<\/div>\n\t\t\t\t\t<\/div>\n\t\t<\/div>\n\t\t\t\t\t<\/div>\n\t\t<\/section>\n\t\t\t\t<section class=\"elementor-section elementor-top-section elementor-element elementor-element-ce2730a elementor-section-boxed elementor-section-height-default elementor-section-height-default\" data-id=\"ce2730a\" data-element_type=\"section\" data-e-type=\"section\">\n\t\t\t\t\t\t<div class=\"elementor-container elementor-column-gap-default\">\n\t\t\t\t\t<div class=\"elementor-column elementor-col-50 elementor-top-column elementor-element elementor-element-67dc1d0\" data-id=\"67dc1d0\" data-element_type=\"column\" data-e-type=\"column\">\n\t\t\t<div class=\"elementor-widget-wrap elementor-element-populated\">\n\t\t\t\t\t\t<div class=\"elementor-element elementor-element-53b39ed elementor-widget elementor-widget-text-editor\" data-id=\"53b39ed\" data-element_type=\"widget\" data-e-type=\"widget\" data-widget_type=\"text-editor.default\">\n\t\t\t\t<div class=\"elementor-widget-container\">\n\t\t\t\t\t\t\t\t\t<p>Vacuum test fixtures are precisely matched to the individual test systems with their interfaces. Due to the vacuum technology, high forces are generated by the negative pressure, which make it possible to contract an extremely large number of spring contact probes.<\/p>\t\t\t\t\t\t\t\t<\/div>\n\t\t\t\t<\/div>\n\t\t\t\t\t<\/div>\n\t\t<\/div>\n\t\t\t\t<div class=\"elementor-column elementor-col-50 elementor-top-column elementor-element elementor-element-5cbc1e4\" data-id=\"5cbc1e4\" data-element_type=\"column\" data-e-type=\"column\">\n\t\t\t<div class=\"elementor-widget-wrap elementor-element-populated\">\n\t\t\t\t\t\t<div class=\"elementor-element elementor-element-6cf319d elementor-widget elementor-widget-image\" data-id=\"6cf319d\" data-element_type=\"widget\" data-e-type=\"widget\" data-widget_type=\"image.default\">\n\t\t\t\t<div class=\"elementor-widget-container\">\n\t\t\t\t\t\t\t\t\t\t\t\t\t\t\t<img decoding=\"async\" src=\"https:\/\/moteco.de\/wp-content\/uploads\/elementor\/thumbs\/display_vakuum2-scaled-r1oxi6ofh8iv1bhidt93a4lxtmbi8qsg7wu3k42cag.jpg\" title=\"display_vakuum\" alt=\"vacuum-test-adapter\" loading=\"lazy\" \/>\t\t\t\t\t\t\t\t\t\t\t\t\t\t\t<\/div>\n\t\t\t\t<\/div>\n\t\t\t\t\t<\/div>\n\t\t<\/div>\n\t\t\t\t\t<\/div>\n\t\t<\/section>\n\t\t\t\t<section class=\"elementor-section elementor-top-section elementor-element elementor-element-d2e1738 elementor-section-boxed elementor-section-height-default elementor-section-height-default\" data-id=\"d2e1738\" data-element_type=\"section\" data-e-type=\"section\">\n\t\t\t\t\t\t<div class=\"elementor-container elementor-column-gap-default\">\n\t\t\t\t\t<div class=\"elementor-column elementor-col-50 elementor-top-column elementor-element elementor-element-8341e4b\" data-id=\"8341e4b\" data-element_type=\"column\" data-e-type=\"column\">\n\t\t\t<div class=\"elementor-widget-wrap elementor-element-populated\">\n\t\t\t\t\t\t<div class=\"elementor-element elementor-element-a278461 elementor-widget elementor-widget-text-editor\" data-id=\"a278461\" data-element_type=\"widget\" data-e-type=\"widget\" data-widget_type=\"text-editor.default\">\n\t\t\t\t<div class=\"elementor-widget-container\">\n\t\t\t\t\t\t\t\t\t<p>MOTECO offers vacuum adapters for:<\/p><ul><li>All common test systems<\/li><li>double-sided contacting<\/li><li>Bi-Level Contacting<\/li><li>Automatic opening after the test procedure<\/li><\/ul><p>\u00a0<\/p><p>Here, too, precision is the decisive factor. Even the smallest errors cause the penetration of air and thus the collapse of the \"vacuum\".<\/p>\t\t\t\t\t\t\t\t<\/div>\n\t\t\t\t<\/div>\n\t\t\t\t\t<\/div>\n\t\t<\/div>\n\t\t\t\t<div class=\"elementor-column elementor-col-50 elementor-top-column elementor-element elementor-element-e530318\" data-id=\"e530318\" data-element_type=\"column\" data-e-type=\"column\">\n\t\t\t<div class=\"elementor-widget-wrap elementor-element-populated\">\n\t\t\t\t\t\t<div class=\"elementor-element elementor-element-aaec5fd elementor-widget elementor-widget-image\" data-id=\"aaec5fd\" data-element_type=\"widget\" data-e-type=\"widget\" data-widget_type=\"image.default\">\n\t\t\t\t<div class=\"elementor-widget-container\">\n\t\t\t\t\t\t\t\t\t\t\t\t\t\t\t<img decoding=\"async\" src=\"https:\/\/moteco.de\/wp-content\/uploads\/elementor\/thumbs\/MOTECO_2025-025-scaled-r1p3f0awvtv1qwcknb15bx83tbcc1mokhacuaiidh4.jpg\" title=\"MOTECO_2025-025\" alt=\"wiring-test-adapter\" loading=\"lazy\" \/>\t\t\t\t\t\t\t\t\t\t\t\t\t\t\t<\/div>\n\t\t\t\t<\/div>\n\t\t\t\t\t<\/div>\n\t\t<\/div>\n\t\t\t\t\t<\/div>\n\t\t<\/section>\n\t\t\t\t<section class=\"elementor-section elementor-top-section elementor-element elementor-element-648472d elementor-section-boxed elementor-section-height-default elementor-section-height-default\" data-id=\"648472d\" data-element_type=\"section\" data-e-type=\"section\">\n\t\t\t\t\t\t<div class=\"elementor-container elementor-column-gap-default\">\n\t\t\t\t\t<div class=\"elementor-column elementor-col-50 elementor-top-column elementor-element elementor-element-08913f9\" data-id=\"08913f9\" data-element_type=\"column\" data-e-type=\"column\">\n\t\t\t<div class=\"elementor-widget-wrap elementor-element-populated\">\n\t\t\t\t\t\t<div class=\"elementor-element elementor-element-1d23c8e elementor-widget elementor-widget-text-editor\" data-id=\"1d23c8e\" data-element_type=\"widget\" data-e-type=\"widget\" data-widget_type=\"text-editor.default\">\n\t\t\t\t<div class=\"elementor-widget-container\">\n\t\t\t\t\t\t\t\t\t<p>Our know-how is also the interaction of pressure and counter-pressure, so that the adapter is pulled off symmetrically - this also has a gentle effect on the load on the circuit board.<\/p>\n<p>Our task is to design and manufacture the right adapter for your requirements, even if it is a little more complex.<\/p>\n<p class=\"MsoNormal\"><span style=\"font-size: 13.0pt; line-height: 107%;\">MOTECO offers a 360\u00b0 service for this.<\/span><\/p>\n<p class=\"MsoNormal\">Consultation \/ coordination \u2192 conceptual design \u2192 production \u2192 testing \u2192 packaging \u2192 delivery \u2192 service<br><\/p>\t\t\t\t\t\t\t\t<\/div>\n\t\t\t\t<\/div>\n\t\t\t\t\t<\/div>\n\t\t<\/div>\n\t\t\t\t<div class=\"elementor-column elementor-col-50 elementor-top-column elementor-element elementor-element-70bd1ec\" data-id=\"70bd1ec\" data-element_type=\"column\" data-e-type=\"column\">\n\t\t\t<div class=\"elementor-widget-wrap elementor-element-populated\">\n\t\t\t\t\t\t<div class=\"elementor-element elementor-element-f8e0ad2 elementor-widget elementor-widget-image\" data-id=\"f8e0ad2\" data-element_type=\"widget\" data-e-type=\"widget\" data-widget_type=\"image.default\">\n\t\t\t\t<div class=\"elementor-widget-container\">\n\t\t\t\t\t\t\t\t\t\t\t\t\t\t\t<img fetchpriority=\"high\" decoding=\"async\" width=\"300\" height=\"200\" src=\"https:\/\/moteco.de\/wp-content\/uploads\/2025\/02\/MOTECO_2025-020-300x200.jpg\" class=\"attachment-medium size-medium wp-image-2286\" alt=\"wiring-test-adapter\" srcset=\"https:\/\/moteco.de\/wp-content\/uploads\/2025\/02\/MOTECO_2025-020-300x200.jpg 300w, https:\/\/moteco.de\/wp-content\/uploads\/2025\/02\/MOTECO_2025-020-1024x683.jpg 1024w, https:\/\/moteco.de\/wp-content\/uploads\/2025\/02\/MOTECO_2025-020-768x512.jpg 768w, https:\/\/moteco.de\/wp-content\/uploads\/2025\/02\/MOTECO_2025-020-1536x1024.jpg 1536w, https:\/\/moteco.de\/wp-content\/uploads\/2025\/02\/MOTECO_2025-020-2048x1365.jpg 2048w, https:\/\/moteco.de\/wp-content\/uploads\/2025\/02\/MOTECO_2025-020-18x12.jpg 18w\" sizes=\"(max-width: 300px) 100vw, 300px\" \/>\t\t\t\t\t\t\t\t\t\t\t\t\t\t\t<\/div>\n\t\t\t\t<\/div>\n\t\t\t\t\t<\/div>\n\t\t<\/div>\n\t\t\t\t\t<\/div>\n\t\t<\/section>\n\t\t\t\t<\/div>","protected":false},"excerpt":{"rendered":"<p>Vakuum-Pr\u00fcfadapter \u2013 Pr\u00e4zision &amp; Zuverl\u00e4ssigkeit Vakuum-Pr\u00fcfadaptern sind mit ihren Schnittstellen exakt auf die einzelnen Testsysteme abgestimmt. Auf Grund der Vakuumtechnik entstehen durch den Unterdruck hohe Kr\u00e4fte, die es erm\u00f6glichen extrem viele Federkontaktstifte zu kontaktieren. MOTECO bietet Vakuumadapter f\u00fcr: Alle g\u00e4ngigen Testsysteme beidseitige Kontaktierung Bi-Level-Kontaktierung Automatisches \u00d6ffnen nach dem Testvorgang \u00a0 Auch hier ist die Pr\u00e4zision [&hellip;]<\/p>\n","protected":false},"author":2,"featured_media":0,"parent":1322,"menu_order":0,"comment_status":"closed","ping_status":"closed","template":"","meta":{"footnotes":""},"class_list":["post-94","page","type-page","status-publish","hentry"],"_links":{"self":[{"href":"http:\/\/moteco.de\/en\/wp-json\/wp\/v2\/pages\/94","targetHints":{"allow":["GET"]}}],"collection":[{"href":"http:\/\/moteco.de\/en\/wp-json\/wp\/v2\/pages"}],"about":[{"href":"http:\/\/moteco.de\/en\/wp-json\/wp\/v2\/types\/page"}],"author":[{"embeddable":true,"href":"http:\/\/moteco.de\/en\/wp-json\/wp\/v2\/users\/2"}],"replies":[{"embeddable":true,"href":"http:\/\/moteco.de\/en\/wp-json\/wp\/v2\/comments?post=94"}],"version-history":[{"count":0,"href":"http:\/\/moteco.de\/en\/wp-json\/wp\/v2\/pages\/94\/revisions"}],"up":[{"embeddable":true,"href":"http:\/\/moteco.de\/en\/wp-json\/wp\/v2\/pages\/1322"}],"wp:attachment":[{"href":"http:\/\/moteco.de\/en\/wp-json\/wp\/v2\/media?parent=94"}],"curies":[{"name":"wp","href":"https:\/\/api.w.org\/{rel}","templated":true}]}}