{"id":92,"date":"2022-07-05T08:00:47","date_gmt":"2022-07-05T08:00:47","guid":{"rendered":"https:\/\/moteco.de\/?page_id=92"},"modified":"2026-04-13T15:05:45","modified_gmt":"2026-04-13T15:05:45","slug":"sonderloesungen","status":"publish","type":"page","link":"http:\/\/moteco.de\/en\/portfolio\/sonderloesungen\/","title":{"rendered":"Customized solutions"},"content":{"rendered":"<div data-elementor-type=\"wp-page\" data-elementor-id=\"92\" class=\"elementor elementor-92\" data-elementor-post-type=\"page\">\n\t\t\t\t\t\t<section class=\"elementor-section elementor-top-section elementor-element elementor-element-d386580 elementor-section-boxed elementor-section-height-default elementor-section-height-default\" data-id=\"d386580\" data-element_type=\"section\" data-e-type=\"section\" data-settings=\"{&quot;background_background&quot;:&quot;classic&quot;}\">\n\t\t\t\t\t\t\t<div class=\"elementor-background-overlay\"><\/div>\n\t\t\t\t\t\t\t<div class=\"elementor-container elementor-column-gap-default\">\n\t\t\t\t\t<div class=\"elementor-column elementor-col-100 elementor-top-column elementor-element elementor-element-ec3c9fd\" data-id=\"ec3c9fd\" data-element_type=\"column\" data-e-type=\"column\">\n\t\t\t<div class=\"elementor-widget-wrap elementor-element-populated\">\n\t\t\t\t\t\t<div class=\"elementor-element elementor-element-416d5af elementor-invisible elementor-widget elementor-widget-heading\" data-id=\"416d5af\" data-element_type=\"widget\" data-e-type=\"widget\" data-settings=\"{&quot;_animation&quot;:&quot;fadeInUp&quot;}\" data-widget_type=\"heading.default\">\n\t\t\t\t<div class=\"elementor-widget-container\">\n\t\t\t\t\t<h1 class=\"elementor-heading-title elementor-size-default\">Custom Test Adapters for Every Application<\/h1>\t\t\t\t<\/div>\n\t\t\t\t<\/div>\n\t\t\t\t<div class=\"elementor-element elementor-element-3ded152 animated-slow elementor-invisible elementor-widget elementor-widget-heading\" data-id=\"3ded152\" data-element_type=\"widget\" data-e-type=\"widget\" data-settings=\"{&quot;_animation&quot;:&quot;fadeIn&quot;,&quot;_animation_delay&quot;:360}\" data-widget_type=\"heading.default\">\n\t\t\t\t<div class=\"elementor-widget-container\">\n\t\t\t\t\t<h2 class=\"elementor-heading-title elementor-size-default\">Beyond adapter construction, we develop and manufacture special test solutions according to customer specifications.<\/h2>\t\t\t\t<\/div>\n\t\t\t\t<\/div>\n\t\t\t\t\t<\/div>\n\t\t<\/div>\n\t\t\t\t\t<\/div>\n\t\t<\/section>\n\t\t\t\t<section class=\"elementor-section elementor-top-section elementor-element elementor-element-5d0d6b05 elementor-section-height-min-height elementor-section-boxed elementor-section-height-default elementor-section-items-middle\" data-id=\"5d0d6b05\" data-element_type=\"section\" data-e-type=\"section\" data-settings=\"{&quot;background_background&quot;:&quot;classic&quot;}\">\n\t\t\t\t\t\t\t<div class=\"elementor-background-overlay\"><\/div>\n\t\t\t\t\t\t\t<div class=\"elementor-container elementor-column-gap-default\">\n\t\t\t\t\t<div class=\"elementor-column elementor-col-100 elementor-top-column elementor-element elementor-element-694f8112\" data-id=\"694f8112\" data-element_type=\"column\" data-e-type=\"column\">\n\t\t\t<div class=\"elementor-widget-wrap elementor-element-populated\">\n\t\t\t\t\t\t<section class=\"elementor-section elementor-inner-section elementor-element elementor-element-54791989 elementor-section-boxed elementor-section-height-default elementor-section-height-default\" data-id=\"54791989\" data-element_type=\"section\" data-e-type=\"section\">\n\t\t\t\t\t\t<div class=\"elementor-container elementor-column-gap-wider\">\n\t\t\t\t\t<div class=\"elementor-column elementor-col-50 elementor-inner-column elementor-element elementor-element-3d858593\" data-id=\"3d858593\" data-element_type=\"column\" data-e-type=\"column\">\n\t\t\t<div class=\"elementor-widget-wrap elementor-element-populated\">\n\t\t\t\t\t\t<div class=\"elementor-element elementor-element-3fb6240 elementor-widget elementor-widget-image\" data-id=\"3fb6240\" data-element_type=\"widget\" data-e-type=\"widget\" data-widget_type=\"image.default\">\n\t\t\t\t<div class=\"elementor-widget-container\">\n\t\t\t\t\t\t\t\t\t\t\t\t\t\t\t<img fetchpriority=\"high\" decoding=\"async\" width=\"800\" height=\"600\" src=\"https:\/\/moteco.de\/wp-content\/uploads\/2023\/07\/IMG_0173-1024x768.jpg\" class=\"attachment-large size-large wp-image-1424\" alt=\"customized-test-adapter\" srcset=\"https:\/\/moteco.de\/wp-content\/uploads\/2023\/07\/IMG_0173-1024x768.jpg 1024w, https:\/\/moteco.de\/wp-content\/uploads\/2023\/07\/IMG_0173-300x225.jpg 300w, https:\/\/moteco.de\/wp-content\/uploads\/2023\/07\/IMG_0173-768x576.jpg 768w, https:\/\/moteco.de\/wp-content\/uploads\/2023\/07\/IMG_0173-1536x1152.jpg 1536w, https:\/\/moteco.de\/wp-content\/uploads\/2023\/07\/IMG_0173-2048x1536.jpg 2048w, https:\/\/moteco.de\/wp-content\/uploads\/2023\/07\/IMG_0173-16x12.jpg 16w\" sizes=\"(max-width: 800px) 100vw, 800px\" \/>\t\t\t\t\t\t\t\t\t\t\t\t\t\t\t<\/div>\n\t\t\t\t<\/div>\n\t\t\t\t\t<\/div>\n\t\t<\/div>\n\t\t\t\t<div class=\"elementor-column elementor-col-50 elementor-inner-column elementor-element elementor-element-78b2a1f6\" data-id=\"78b2a1f6\" data-element_type=\"column\" data-e-type=\"column\">\n\t\t\t<div class=\"elementor-widget-wrap elementor-element-populated\">\n\t\t\t\t\t\t<div class=\"elementor-element elementor-element-42d8d1a7 elementor-invisible elementor-widget elementor-widget-text-editor\" data-id=\"42d8d1a7\" data-element_type=\"widget\" data-e-type=\"widget\" data-settings=\"{&quot;_animation&quot;:&quot;fadeInUp&quot;,&quot;_animation_delay&quot;:500}\" data-widget_type=\"text-editor.default\">\n\t\t\t\t<div class=\"elementor-widget-container\">\n\t\t\t\t\t\t\t\t\t<p>Special adapters are available in all conceivable designs and functions. They are not limited to testing electrical quantities. They can also include, for example, optical or thermal test tasks. There are hardly any limits to the imagination here.<\/p>\t\t\t\t\t\t\t\t<\/div>\n\t\t\t\t<\/div>\n\t\t\t\t\t<\/div>\n\t\t<\/div>\n\t\t\t\t\t<\/div>\n\t\t<\/section>\n\t\t\t\t<section class=\"elementor-section elementor-inner-section elementor-element elementor-element-b6ccf15 elementor-section-boxed elementor-section-height-default elementor-section-height-default\" data-id=\"b6ccf15\" data-element_type=\"section\" data-e-type=\"section\">\n\t\t\t\t\t\t<div class=\"elementor-container elementor-column-gap-wider\">\n\t\t\t\t\t<div class=\"elementor-column elementor-col-50 elementor-inner-column elementor-element elementor-element-86a8c0f\" data-id=\"86a8c0f\" data-element_type=\"column\" data-e-type=\"column\">\n\t\t\t<div class=\"elementor-widget-wrap elementor-element-populated\">\n\t\t\t\t\t\t<div class=\"elementor-element elementor-element-4a90f2f elementor-widget elementor-widget-image\" data-id=\"4a90f2f\" data-element_type=\"widget\" data-e-type=\"widget\" data-widget_type=\"image.default\">\n\t\t\t\t<div class=\"elementor-widget-container\">\n\t\t\t\t\t\t\t\t\t\t\t\t\t\t\t<img decoding=\"async\" width=\"800\" height=\"450\" src=\"https:\/\/moteco.de\/wp-content\/uploads\/2023\/07\/Baugruppe-gerendert--1024x576.jpg\" class=\"attachment-large size-large wp-image-1423\" alt=\"automatic-test-equipment\" srcset=\"https:\/\/moteco.de\/wp-content\/uploads\/2023\/07\/Baugruppe-gerendert--1024x576.jpg 1024w, https:\/\/moteco.de\/wp-content\/uploads\/2023\/07\/Baugruppe-gerendert--300x169.jpg 300w, https:\/\/moteco.de\/wp-content\/uploads\/2023\/07\/Baugruppe-gerendert--768x432.jpg 768w, https:\/\/moteco.de\/wp-content\/uploads\/2023\/07\/Baugruppe-gerendert--1536x864.jpg 1536w, https:\/\/moteco.de\/wp-content\/uploads\/2023\/07\/Baugruppe-gerendert--2048x1153.jpg 2048w, https:\/\/moteco.de\/wp-content\/uploads\/2023\/07\/Baugruppe-gerendert--18x10.jpg 18w\" sizes=\"(max-width: 800px) 100vw, 800px\" \/>\t\t\t\t\t\t\t\t\t\t\t\t\t\t\t<\/div>\n\t\t\t\t<\/div>\n\t\t\t\t\t<\/div>\n\t\t<\/div>\n\t\t\t\t<div class=\"elementor-column elementor-col-50 elementor-inner-column elementor-element elementor-element-e597965\" data-id=\"e597965\" data-element_type=\"column\" data-e-type=\"column\">\n\t\t\t<div class=\"elementor-widget-wrap elementor-element-populated\">\n\t\t\t\t\t\t<div class=\"elementor-element elementor-element-46c29fd elementor-invisible elementor-widget elementor-widget-text-editor\" data-id=\"46c29fd\" data-element_type=\"widget\" data-e-type=\"widget\" data-settings=\"{&quot;_animation&quot;:&quot;fadeInUp&quot;,&quot;_animation_delay&quot;:500}\" data-widget_type=\"text-editor.default\">\n\t\t\t\t<div class=\"elementor-widget-container\">\n\t\t\t\t\t\t\t\t\t<p>Whether standardised adapter basic units or individual special designs are used depends on the customer's requirements. In addition to the purely technical tasks, the safety requirements in particular must be observed. If it is a complete machine, the necessary tests and certifications such as the GS mark and ECE must also be carried out and documented.<\/p>\t\t\t\t\t\t\t\t<\/div>\n\t\t\t\t<\/div>\n\t\t\t\t\t<\/div>\n\t\t<\/div>\n\t\t\t\t\t<\/div>\n\t\t<\/section>\n\t\t\t\t\t<\/div>\n\t\t<\/div>\n\t\t\t\t\t<\/div>\n\t\t<\/section>\n\t\t\t\t<section class=\"elementor-section elementor-top-section elementor-element elementor-element-dd6df7e elementor-section-boxed elementor-section-height-default elementor-section-height-default\" data-id=\"dd6df7e\" data-element_type=\"section\" data-e-type=\"section\">\n\t\t\t\t\t\t<div class=\"elementor-container elementor-column-gap-default\">\n\t\t\t\t\t<div class=\"elementor-column elementor-col-100 elementor-top-column elementor-element elementor-element-35627fe\" data-id=\"35627fe\" data-element_type=\"column\" data-e-type=\"column\">\n\t\t\t<div class=\"elementor-widget-wrap elementor-element-populated\">\n\t\t\t\t\t\t<div class=\"elementor-element elementor-element-63b37d5 elementor-widget elementor-widget-text-editor\" data-id=\"63b37d5\" data-element_type=\"widget\" data-e-type=\"widget\" data-widget_type=\"text-editor.default\">\n\t\t\t\t<div class=\"elementor-widget-container\">\n\t\t\t\t\t\t\t\t\t<p>The basis is the creation of a requirements and functional specification, this is created in close consultation with you and then approved by you.<\/p><p>Our task is to design and manufacture the right adapter for your requirements, even if it is a little more complex.<\/p><p>MOTECO offers a 360\u00b0 service for this.<\/p><p>Consultation \/ coordination \u2192 conceptual design \u2192 production \u2192 testing \u2192 packaging \u2192 delivery \u2192 service<\/p>\t\t\t\t\t\t\t\t<\/div>\n\t\t\t\t<\/div>\n\t\t\t\t\t<\/div>\n\t\t<\/div>\n\t\t\t\t\t<\/div>\n\t\t<\/section>\n\t\t\t\t<\/div>","protected":false},"excerpt":{"rendered":"<p>Kundenspezifische Sonder-Pr\u00fcfadapter f\u00fcr jeden Anwendungsfall \u00dcber den Adapterbau hinaus entwickeln und fertigen wir spezielle Pr\u00fcfl\u00f6sungen nach Kundenvorgaben. Sonder-Adapter gibt es in allen erdenklichen Ausf\u00fchrungen und Funktionen. Sie sind nicht auf den Test von Elektrischen Gr\u00f6\u00dfen beschr\u00e4nkt. Dies k\u00f6nnen auch z.B. optische oder thermische Testaufgaben beinhalten. Der Fantasie sind hier kaum Grenzen gesetzt. Ob standardisierte Adapter-Grundger\u00e4te [&hellip;]<\/p>\n","protected":false},"author":2,"featured_media":0,"parent":1322,"menu_order":0,"comment_status":"closed","ping_status":"closed","template":"","meta":{"footnotes":""},"class_list":["post-92","page","type-page","status-publish","hentry"],"_links":{"self":[{"href":"http:\/\/moteco.de\/en\/wp-json\/wp\/v2\/pages\/92","targetHints":{"allow":["GET"]}}],"collection":[{"href":"http:\/\/moteco.de\/en\/wp-json\/wp\/v2\/pages"}],"about":[{"href":"http:\/\/moteco.de\/en\/wp-json\/wp\/v2\/types\/page"}],"author":[{"embeddable":true,"href":"http:\/\/moteco.de\/en\/wp-json\/wp\/v2\/users\/2"}],"replies":[{"embeddable":true,"href":"http:\/\/moteco.de\/en\/wp-json\/wp\/v2\/comments?post=92"}],"version-history":[{"count":0,"href":"http:\/\/moteco.de\/en\/wp-json\/wp\/v2\/pages\/92\/revisions"}],"up":[{"embeddable":true,"href":"http:\/\/moteco.de\/en\/wp-json\/wp\/v2\/pages\/1322"}],"wp:attachment":[{"href":"http:\/\/moteco.de\/en\/wp-json\/wp\/v2\/media?parent=92"}],"curies":[{"name":"wp","href":"https:\/\/api.w.org\/{rel}","templated":true}]}}