{"id":90,"date":"2022-07-05T08:00:34","date_gmt":"2022-07-05T08:00:34","guid":{"rendered":"https:\/\/moteco.de\/?page_id=90"},"modified":"2026-04-16T09:47:16","modified_gmt":"2026-04-16T09:47:16","slug":"hf-adapter","status":"publish","type":"page","link":"http:\/\/moteco.de\/en\/portfolio\/hf-adapter\/","title":{"rendered":"High-frequency adapters and interchangeable sets"},"content":{"rendered":"<div data-elementor-type=\"wp-page\" data-elementor-id=\"90\" class=\"elementor elementor-90\" data-elementor-post-type=\"page\">\n\t\t\t\t\t\t<section class=\"elementor-section elementor-top-section elementor-element elementor-element-bfd0f95 elementor-section-boxed elementor-section-height-default elementor-section-height-default\" data-id=\"bfd0f95\" data-element_type=\"section\" data-e-type=\"section\" data-settings=\"{&quot;background_background&quot;:&quot;classic&quot;}\">\n\t\t\t\t\t\t\t<div class=\"elementor-background-overlay\"><\/div>\n\t\t\t\t\t\t\t<div class=\"elementor-container elementor-column-gap-default\">\n\t\t\t\t\t<div class=\"elementor-column elementor-col-100 elementor-top-column elementor-element elementor-element-a5890fd\" data-id=\"a5890fd\" data-element_type=\"column\" data-e-type=\"column\">\n\t\t\t<div class=\"elementor-widget-wrap elementor-element-populated\">\n\t\t\t\t\t\t<div class=\"elementor-element elementor-element-76c5e2d elementor-invisible elementor-widget elementor-widget-heading\" data-id=\"76c5e2d\" data-element_type=\"widget\" data-e-type=\"widget\" data-settings=\"{&quot;_animation&quot;:&quot;fadeInUp&quot;}\" data-widget_type=\"heading.default\">\n\t\t\t\t<div class=\"elementor-widget-container\">\n\t\t\t\t\t<h1 class=\"elementor-heading-title elementor-size-default\">RF Test Adapters for Bluetooth, WLAN &amp; 5G Testing<\/h1>\t\t\t\t<\/div>\n\t\t\t\t<\/div>\n\t\t\t\t\t<\/div>\n\t\t<\/div>\n\t\t\t\t\t<\/div>\n\t\t<\/section>\n\t\t\t\t<section class=\"elementor-section elementor-top-section elementor-element elementor-element-4824119 elementor-section-boxed elementor-section-height-default elementor-section-height-default\" data-id=\"4824119\" data-element_type=\"section\" data-e-type=\"section\">\n\t\t\t\t\t\t<div class=\"elementor-container elementor-column-gap-default\">\n\t\t\t\t\t<div class=\"elementor-column elementor-col-50 elementor-top-column elementor-element elementor-element-824ec02\" data-id=\"824ec02\" data-element_type=\"column\" data-e-type=\"column\">\n\t\t\t<div class=\"elementor-widget-wrap elementor-element-populated\">\n\t\t\t\t\t\t<div class=\"elementor-element elementor-element-18882b7 elementor-widget elementor-widget-text-editor\" data-id=\"18882b7\" data-element_type=\"widget\" data-e-type=\"widget\" data-widget_type=\"text-editor.default\">\n\t\t\t\t<div class=\"elementor-widget-container\">\n\t\t\t\t\t\t\t\t\t<p>High-frequency adapters (HF adapters) are often used for smaller batch sizes. Here, the interchangeable sets offer a great economic advantage.<\/p>\t\t\t\t\t\t\t\t<\/div>\n\t\t\t\t<\/div>\n\t\t\t\t\t<\/div>\n\t\t<\/div>\n\t\t\t\t<div class=\"elementor-column elementor-col-50 elementor-top-column elementor-element elementor-element-7c07903\" data-id=\"7c07903\" data-element_type=\"column\" data-e-type=\"column\">\n\t\t\t<div class=\"elementor-widget-wrap elementor-element-populated\">\n\t\t\t\t\t\t<div class=\"elementor-element elementor-element-75b88bc elementor-widget elementor-widget-image\" data-id=\"75b88bc\" data-element_type=\"widget\" data-e-type=\"widget\" data-widget_type=\"image.default\">\n\t\t\t\t<div class=\"elementor-widget-container\">\n\t\t\t\t\t\t\t\t\t\t\t\t\t\t\t<img fetchpriority=\"high\" decoding=\"async\" width=\"800\" height=\"655\" src=\"https:\/\/moteco.de\/wp-content\/uploads\/2025\/02\/MA12_S-7_HF_3-scaled-e1740043313691-1024x838.jpg\" class=\"attachment-large size-large wp-image-2371\" alt=\"high-frequency-test-adapter\" srcset=\"https:\/\/moteco.de\/wp-content\/uploads\/2025\/02\/MA12_S-7_HF_3-scaled-e1740043313691-1024x838.jpg 1024w, https:\/\/moteco.de\/wp-content\/uploads\/2025\/02\/MA12_S-7_HF_3-scaled-e1740043313691-300x246.jpg 300w, https:\/\/moteco.de\/wp-content\/uploads\/2025\/02\/MA12_S-7_HF_3-scaled-e1740043313691-768x628.jpg 768w, https:\/\/moteco.de\/wp-content\/uploads\/2025\/02\/MA12_S-7_HF_3-scaled-e1740043313691-1536x1257.jpg 1536w, https:\/\/moteco.de\/wp-content\/uploads\/2025\/02\/MA12_S-7_HF_3-scaled-e1740043313691-2048x1676.jpg 2048w, https:\/\/moteco.de\/wp-content\/uploads\/2025\/02\/MA12_S-7_HF_3-scaled-e1740043313691-15x12.jpg 15w\" sizes=\"(max-width: 800px) 100vw, 800px\" \/>\t\t\t\t\t\t\t\t\t\t\t\t\t\t\t<\/div>\n\t\t\t\t<\/div>\n\t\t\t\t\t<\/div>\n\t\t<\/div>\n\t\t\t\t\t<\/div>\n\t\t<\/section>\n\t\t\t\t<section class=\"elementor-section elementor-top-section elementor-element elementor-element-33c4a71 elementor-section-boxed elementor-section-height-default elementor-section-height-default\" data-id=\"33c4a71\" data-element_type=\"section\" data-e-type=\"section\">\n\t\t\t\t\t\t<div class=\"elementor-container elementor-column-gap-default\">\n\t\t\t\t\t<div class=\"elementor-column elementor-col-50 elementor-top-column elementor-element elementor-element-67a7a53\" data-id=\"67a7a53\" data-element_type=\"column\" data-e-type=\"column\">\n\t\t\t<div class=\"elementor-widget-wrap elementor-element-populated\">\n\t\t\t\t\t\t<div class=\"elementor-element elementor-element-29c768f elementor-widget elementor-widget-text-editor\" data-id=\"29c768f\" data-element_type=\"widget\" data-e-type=\"widget\" data-widget_type=\"text-editor.default\">\n\t\t\t\t<div class=\"elementor-widget-container\">\n\t\t\t\t\t\t\t\t\t<p>High-frequency adapters (HF adapters) place very high demands on the quality of the assembly. Even the smallest gaps or the selection of the wrong materials destroy test results. Often there are only a few signal lines to be integrated - the selection of the right HF interface and perfect insulation are the challenge here.<\/p><p>We know what to look out for!<\/p>\t\t\t\t\t\t\t\t<\/div>\n\t\t\t\t<\/div>\n\t\t\t\t\t<\/div>\n\t\t<\/div>\n\t\t\t\t<div class=\"elementor-column elementor-col-50 elementor-top-column elementor-element elementor-element-5d72782\" data-id=\"5d72782\" data-element_type=\"column\" data-e-type=\"column\">\n\t\t\t<div class=\"elementor-widget-wrap elementor-element-populated\">\n\t\t\t\t\t\t<div class=\"elementor-element elementor-element-be45139 elementor-widget elementor-widget-image\" data-id=\"be45139\" data-element_type=\"widget\" data-e-type=\"widget\" data-widget_type=\"image.default\">\n\t\t\t\t<div class=\"elementor-widget-container\">\n\t\t\t\t\t\t\t\t\t\t\t\t\t\t\t<img decoding=\"async\" width=\"800\" height=\"600\" src=\"https:\/\/moteco.de\/wp-content\/uploads\/2023\/07\/IMG_0358-1024x768.jpg\" class=\"attachment-large size-large wp-image-1455\" alt=\"high-frequency-test-adapter\" srcset=\"https:\/\/moteco.de\/wp-content\/uploads\/2023\/07\/IMG_0358-1024x768.jpg 1024w, https:\/\/moteco.de\/wp-content\/uploads\/2023\/07\/IMG_0358-300x225.jpg 300w, https:\/\/moteco.de\/wp-content\/uploads\/2023\/07\/IMG_0358-768x576.jpg 768w, https:\/\/moteco.de\/wp-content\/uploads\/2023\/07\/IMG_0358-1536x1152.jpg 1536w, https:\/\/moteco.de\/wp-content\/uploads\/2023\/07\/IMG_0358-2048x1536.jpg 2048w, https:\/\/moteco.de\/wp-content\/uploads\/2023\/07\/IMG_0358-16x12.jpg 16w\" sizes=\"(max-width: 800px) 100vw, 800px\" \/>\t\t\t\t\t\t\t\t\t\t\t\t\t\t\t<\/div>\n\t\t\t\t<\/div>\n\t\t\t\t\t<\/div>\n\t\t<\/div>\n\t\t\t\t\t<\/div>\n\t\t<\/section>\n\t\t\t\t<section class=\"elementor-section elementor-top-section elementor-element elementor-element-38f2c63 elementor-section-boxed elementor-section-height-default elementor-section-height-default\" data-id=\"38f2c63\" data-element_type=\"section\" data-e-type=\"section\">\n\t\t\t\t\t\t<div class=\"elementor-container elementor-column-gap-default\">\n\t\t\t\t\t<div class=\"elementor-column elementor-col-100 elementor-top-column elementor-element elementor-element-114f957\" data-id=\"114f957\" data-element_type=\"column\" data-e-type=\"column\">\n\t\t\t<div class=\"elementor-widget-wrap elementor-element-populated\">\n\t\t\t\t\t\t<div class=\"elementor-element elementor-element-8a1f704 elementor-widget elementor-widget-text-editor\" data-id=\"8a1f704\" data-element_type=\"widget\" data-e-type=\"widget\" data-widget_type=\"text-editor.default\">\n\t\t\t\t<div class=\"elementor-widget-container\">\n\t\t\t\t\t\t\t\t\t<p>However, there are increasingly deployments in industry where thousands of products need to be tested. These include consumer components such as W-LAN routers, Bluetooth transmitters and receivers and much more.<\/p><p>We offer the right solution for every application!<\/p><p>MOTECO offers a 360\u00b0 service for this.<\/p><p>Consultation \/ coordination \u2192 conceptual design \u2192 production \u2192 testing \u2192 packaging \u2192 delivery \u2192 service<\/p>\t\t\t\t\t\t\t\t<\/div>\n\t\t\t\t<\/div>\n\t\t\t\t\t<\/div>\n\t\t<\/div>\n\t\t\t\t\t<\/div>\n\t\t<\/section>\n\t\t\t\t<\/div>","protected":false},"excerpt":{"rendered":"<p>HF-Pr\u00fcfadapter f\u00fcr RF-, Bluetooth- &amp; 5G-Tests Hochfrequenz-Adapter (HF-Adapter) werden oft bei kleineren Losgr\u00f6\u00dfen eingesetzt. Hier bieten die Wechsels\u00e4tze einen gro\u00dfen wirtschaftlichen Vorteil. Hochfrequenz-Adapter (HF-Adapter) stellen sehr hohe Anforderungen an die Qualit\u00e4t der Montage. Schon kleinste Spalte oder die Auswahl falscher Materialien machen Testergebnisse zu Nichte. Oft sind nur wenige Signalleitungen zu integrieren \u2013 Die Auswahl [&hellip;]<\/p>\n","protected":false},"author":2,"featured_media":0,"parent":1322,"menu_order":0,"comment_status":"closed","ping_status":"closed","template":"","meta":{"footnotes":""},"class_list":["post-90","page","type-page","status-publish","hentry"],"_links":{"self":[{"href":"http:\/\/moteco.de\/en\/wp-json\/wp\/v2\/pages\/90","targetHints":{"allow":["GET"]}}],"collection":[{"href":"http:\/\/moteco.de\/en\/wp-json\/wp\/v2\/pages"}],"about":[{"href":"http:\/\/moteco.de\/en\/wp-json\/wp\/v2\/types\/page"}],"author":[{"embeddable":true,"href":"http:\/\/moteco.de\/en\/wp-json\/wp\/v2\/users\/2"}],"replies":[{"embeddable":true,"href":"http:\/\/moteco.de\/en\/wp-json\/wp\/v2\/comments?post=90"}],"version-history":[{"count":0,"href":"http:\/\/moteco.de\/en\/wp-json\/wp\/v2\/pages\/90\/revisions"}],"up":[{"embeddable":true,"href":"http:\/\/moteco.de\/en\/wp-json\/wp\/v2\/pages\/1322"}],"wp:attachment":[{"href":"http:\/\/moteco.de\/en\/wp-json\/wp\/v2\/media?parent=90"}],"curies":[{"name":"wp","href":"https:\/\/api.w.org\/{rel}","templated":true}]}}